{"id":1124,"date":"2024-07-04T02:39:42","date_gmt":"2024-07-04T02:39:42","guid":{"rendered":"https:\/\/china-car-sale.com\/?post_type=product&#038;p=1124"},"modified":"2024-07-19T06:45:27","modified_gmt":"2024-07-19T06:45:27","slug":"byd-dolphin","status":"publish","type":"product","link":"http:\/\/china-car-sale.com\/es\/all-vehicles\/byd-dolphin\/","title":{"rendered":"BYD Dolphin"},"content":{"rendered":"<h2 class=\"wp-block-heading\">Introducci\u00f3n<\/h2>\n\n\n\n<p>El BYD Dolphin es un hatchback el\u00e9ctrico compacto que mide 4290\u00d71770\u00d71570 mm de largo, ancho y alto, con una distancia entre ejes de 2700 mm, con capacidad para 5 pasajeros. Presenta un dise\u00f1o elegante inspirado en la filosof\u00eda \u201cOcean Aesthetics\u201d de BYD, que combina elegancia con tecnolog\u00eda avanzada. El Dolphin est\u00e1 propulsado por un motor s\u00edncrono de im\u00e1n permanente, que entrega hasta 201 caballos de fuerza y un par m\u00e1ximo de 290 Nm. Equipado con una bater\u00eda Blade de fosfato de hierro y litio (LFP) de 44,9 kWh o 60,4 kWh, el BYD Dolphin ofrece una gama completa. de hasta 427 kil\u00f3metros con una sola carga. Admite carga r\u00e1pida, logrando una carga 80% en solo 35 minutos.<\/p>\n\n\n\n<\/br>\n\n\n\n<h2 class=\"wp-block-heading\">Sistema inteligente de asistencia a la conducci\u00f3n<\/h2>\n\n\n\n<ul class=\"wp-block-list\">\n<li>Advertencia de colisi\u00f3n frontal (FCW)<\/li>\n\n\n\n<li>Frenado aut\u00f3nomo de emergencia (AEB)<\/li>\n\n\n\n<li>Advertencia de colisi\u00f3n trasera (RCW)<\/li>\n\n\n\n<li>Alerta de tr\u00e1fico cruzado trasero (RCTA)<\/li>\n\n\n\n<li>Prevenci\u00f3n de cambio de carril (LDP)<\/li>\n\n\n\n<li>Asistente de emergencia para mantenerse en el carril (ELKA)<\/li>\n<\/ul>\n\n\n\n<\/br>\n\n\n\n<h2 class=\"wp-block-heading\">Funciones de seguridad inteligentes<\/h2>\n\n\n\n<ul class=\"wp-block-list\">\n<li>Monitoreo de puntos ciegos (BSD)<\/li>\n\n\n\n<li>Control de crucero adaptativo (ACC)<\/li>\n\n\n\n<li>Reconocimiento de se\u00f1ales de tr\u00e1fico (TSR)<\/li>\n\n\n\n<li>Detecci\u00f3n de fatiga del conductor (DFD)<\/li>\n\n\n\n<li>C\u00e1maras de visi\u00f3n envolvente<\/li>\n<\/ul>\n\n\n\n<\/br>\n\n\n\n<h2 class=\"wp-block-heading\">Dise\u00f1o interior espacioso<\/h2>\n\n\n\n<ul class=\"wp-block-list\">\n<li>Pantalla de infoentretenimiento con pantalla t\u00e1ctil giratoria de 12,8 pulgadas<\/li>\n\n\n\n<li>Cuadro de instrumentos digitales de 5 pulgadas<\/li>\n\n\n\n<li>Asientos de cuero vegano con calefacci\u00f3n y ajuste el\u00e9ctrico multidireccional<\/li>\n\n\n\n<li>Techo corredizo panor\u00e1mico que proporciona una visi\u00f3n de \u00e1ngulo ultra amplio<\/li>\n\n\n\n<li>Espacio flexible con asientos traseros abatibles en proporci\u00f3n 60:40, ampliando el maletero de 345 litros a 1.310 litros<\/li>\n<\/ul>\n\n\n\n<\/br>\n\n\n\n<h2 class=\"wp-block-heading\">Powertrain<\/h2>\n\n\n\n<ul class=\"wp-block-list\">\n<li><strong>Versi\u00f3n de gama est\u00e1ndar<\/strong>: Equipado con una bater\u00eda de 44,9 kWh, ofrece una autonom\u00eda de hasta 340 kil\u00f3metros y una aceleraci\u00f3n de 0 a 100 km\/h de 12,3 segundos.<\/li>\n\n\n\n<li><strong>Versi\u00f3n de rango extendido<\/strong>: Con una bater\u00eda de 60,4 kWh, ofrece una autonom\u00eda de hasta 427 kil\u00f3metros y una aceleraci\u00f3n de 0 a 100 km\/h de 7,0 segundos.<\/li>\n<\/ul>\n\n\n\n<p>Ambas versiones utilizan la e-Platform 3.0 de BYD, dise\u00f1ada exclusivamente para veh\u00edculos puramente el\u00e9ctricos, mejorando la seguridad, la eficiencia y la experiencia de conducci\u00f3n. El Dolphin admite carga de CA de hasta 11 kW y carga r\u00e1pida de CC de hasta 88 kW.<\/p>\n\n\n\n<\/br>\n\n\n\n<h2 class=\"wp-block-heading\">Dise\u00f1o exterior<\/h2>\n\n\n\n<ul class=\"wp-block-list\">\n<li><strong>Fascia delantera<\/strong>: Faros LED inspirados en el movimiento din\u00e1mico de los delfines<\/li>\n\n\n\n<li><strong>Cuerpo<\/strong>: Perfil redondeado con l\u00edneas de pliegue marcadas y contornos fluidos<\/li>\n\n\n\n<li><strong>Trasero<\/strong>: Dise\u00f1o din\u00e1mico de luces traseras y gran techo corredizo panor\u00e1mico<\/li>\n<\/ul>\n\n\n\n<\/br>\n\n\n\n<h2 class=\"wp-block-heading\">Bater\u00eda y carga<\/h2>\n\n\n\n<ul class=\"wp-block-list\">\n<li><strong>Bater\u00eda de cuchilla<\/strong>: Qu\u00edmica LFP para mayor seguridad y longevidad<\/li>\n\n\n\n<li><strong>Cargando<\/strong>: Admite carga r\u00e1pida, lo que permite una recuperaci\u00f3n significativa del alcance en poco tiempo<\/li>\n<\/ul>","protected":false},"excerpt":{"rendered":"<p>El BYD Dolphin es un hatchback compacto totalmente el\u00e9ctrico producido por BYD Auto. Cuenta con la tecnolog\u00eda e-Platform 3.0 y Blade Battery de BYD, que ofrece una combinaci\u00f3n de eficiencia, asequibilidad y practicidad. El Dolphin entra en la categor\u00eda de hatchback compacto.<\/p>","protected":false},"featured_media":1498,"template":"","product-category":[112,113,143],"class_list":["post-1124","product","type-product","status-publish","has-post-thumbnail","hentry","product-category-byd","product-category-electric","product-category-hatchback"],"acf":[],"_links":{"self":[{"href":"http:\/\/china-car-sale.com\/es\/wp-json\/wp\/v2\/product\/1124","targetHints":{"allow":["GET"]}}],"collection":[{"href":"http:\/\/china-car-sale.com\/es\/wp-json\/wp\/v2\/product"}],"about":[{"href":"http:\/\/china-car-sale.com\/es\/wp-json\/wp\/v2\/types\/product"}],"wp:featuredmedia":[{"embeddable":true,"href":"http:\/\/china-car-sale.com\/es\/wp-json\/wp\/v2\/media\/1498"}],"wp:attachment":[{"href":"http:\/\/china-car-sale.com\/es\/wp-json\/wp\/v2\/media?parent=1124"}],"wp:term":[{"taxonomy":"product-category","embeddable":true,"href":"http:\/\/china-car-sale.com\/es\/wp-json\/wp\/v2\/product-category?post=1124"}],"curies":[{"name":"wp","href":"https:\/\/api.w.org\/{rel}","templated":true}]}}