{"id":1134,"date":"2024-07-04T08:15:35","date_gmt":"2024-07-04T08:15:35","guid":{"rendered":"https:\/\/china-car-sale.com\/?post_type=product&#038;p=1134"},"modified":"2024-07-19T05:38:58","modified_gmt":"2024-07-19T05:38:58","slug":"avatr-11","status":"publish","type":"product","link":"http:\/\/china-car-sale.com\/es\/all-vehicles\/avatr-11\/","title":{"rendered":"AVATR 11"},"content":{"rendered":"<h2 class=\"wp-block-heading\">Introducci\u00f3n<\/h2>\n\n\n\n<p>El AVATR 11 es un crossover fastback de lujo de tama\u00f1o mediano que mide 4880\u00d71970\u00d71601 mm de largo, ancho y alto, con una distancia entre ejes de 2975 mm y tiene capacidad para 5 pasajeros. Presenta un dise\u00f1o elegante con caracter\u00edsticas avanzadas de seguridad y rendimiento. El AVATR 11 est\u00e1 propulsado por dos motores el\u00e9ctricos que entregan hasta 578 caballos de fuerza y un par m\u00e1ximo de 650 Nm. Impulsado por una bater\u00eda de iones de litio de 90 kWh o 116 kWh, el AVATR 11 ofrece una autonom\u00eda completa de hasta 680 kil\u00f3metros. con una sola carga. Admite carga r\u00e1pida, consiguiendo 200 kil\u00f3metros de autonom\u00eda en tan solo 10 minutos.<\/p>\n\n\n\n<\/br>\n\n\n\n<h2 class=\"wp-block-heading\">Funciones destacadas<\/h2>\n\n\n\n<h3 class=\"wp-block-heading\">Sistema inteligente de asistencia a la conducci\u00f3n<\/h3>\n\n\n\n<ul class=\"wp-block-list\">\n<li>12 radares ultras\u00f3nicos<\/li>\n\n\n\n<li>6 radares de ondas milim\u00e9tricas de alta precisi\u00f3n<\/li>\n\n\n\n<li>3 sensores LiDAR<\/li>\n\n\n\n<li>13 c\u00e1maras de visi\u00f3n envolvente de conducci\u00f3n inteligente<\/li>\n\n\n\n<li>Conducci\u00f3n asistida de seguridad inteligente\n<ul class=\"wp-block-list\">\n<li>Control de crucero de carril en autopista (LCC)<\/li>\n\n\n\n<li>Asistente de navegaci\u00f3n en carretera (NCA)<\/li>\n\n\n\n<li>Control de crucero de carril urbano (LCC)<\/li>\n\n\n\n<li>Asistente de navegaci\u00f3n urbana (NCA)<\/li>\n\n\n\n<li>Estacionamiento con valet automatizado (AVP)<\/li>\n\n\n\n<li>Monitoreo de puntos ciegos (BSD)<\/li>\n\n\n\n<li>Frenado aut\u00f3nomo de emergencia (AEB)<\/li>\n\n\n\n<li>Sistema de monitoreo del conductor (DMS)<\/li>\n\n\n\n<li>Advertencia de apertura de puerta (DOW)<\/li>\n<\/ul>\n<\/li>\n<\/ul>\n\n\n\n<h3 class=\"wp-block-heading\">Dise\u00f1o interior espacioso<\/h3>\n\n\n\n<ul class=\"wp-block-list\">\n<li>Asientos delanteros dobles de gravedad cero con ajuste el\u00e9ctrico, soporte lumbar y funciones de ventilaci\u00f3n\/calefacci\u00f3n<\/li>\n\n\n\n<li>Los asientos de la primera y segunda fila cuentan con funciones de ventilaci\u00f3n, calefacci\u00f3n y masaje.<\/li>\n\n\n\n<li>Espacio flexible con asientos plegables individualmente y una gran \u00e1rea de almacenamiento trasera<\/li>\n<\/ul>\n\n\n\n<\/br>\n\n\n\n<h2 class=\"wp-block-heading\">Powertrain<\/h2>\n\n\n\n<ul class=\"wp-block-list\">\n<li><strong>Versi\u00f3n est\u00e1ndar<\/strong>: Equipado con una configuraci\u00f3n de motor dual de 425 kW, ofrece una autonom\u00eda de 555 kil\u00f3metros y un tiempo de aceleraci\u00f3n de 0 a 100 km\/h de 3,98 segundos.<\/li>\n\n\n\n<li><strong>Versi\u00f3n de largo alcance<\/strong>: Equipado con una configuraci\u00f3n de motor dual de 425 kW, ofrece una autonom\u00eda de 680 kil\u00f3metros y una aceleraci\u00f3n de 0 a 100 km\/h de 4,5 segundos.<\/li>\n<\/ul>\n\n\n\n<p>Ambas versiones cuentan con una plataforma de alto voltaje de 750 V y admiten carga r\u00e1pida de CC de hasta 240 kW.<\/p>","protected":false},"excerpt":{"rendered":"<p>El AVATR 11 es un SUV el\u00e9ctrico premium producido por AVATR Technology, una empresa conjunta entre Changan Automobile, CATL y Huawei. Muestra tecnolog\u00edas avanzadas desarrolladas a trav\u00e9s de esta colaboraci\u00f3n, incluida la plataforma de veh\u00edculos el\u00e9ctricos inteligentes CHN y el sistema de conducci\u00f3n inteligente de Huawei. El AVATR 11 presenta un elegante dise\u00f1o tipo cup\u00e9 con elementos de estilo distintivos, como faros LED delgados y un perfil trasero exclusivo.<\/p>","protected":false},"featured_media":2487,"template":"","product-category":[129,113,139],"class_list":["post-1134","product","type-product","status-publish","has-post-thumbnail","hentry","product-category-avatr","product-category-electric","product-category-suv"],"acf":[],"_links":{"self":[{"href":"http:\/\/china-car-sale.com\/es\/wp-json\/wp\/v2\/product\/1134","targetHints":{"allow":["GET"]}}],"collection":[{"href":"http:\/\/china-car-sale.com\/es\/wp-json\/wp\/v2\/product"}],"about":[{"href":"http:\/\/china-car-sale.com\/es\/wp-json\/wp\/v2\/types\/product"}],"wp:featuredmedia":[{"embeddable":true,"href":"http:\/\/china-car-sale.com\/es\/wp-json\/wp\/v2\/media\/2487"}],"wp:attachment":[{"href":"http:\/\/china-car-sale.com\/es\/wp-json\/wp\/v2\/media?parent=1134"}],"wp:term":[{"taxonomy":"product-category","embeddable":true,"href":"http:\/\/china-car-sale.com\/es\/wp-json\/wp\/v2\/product-category?post=1134"}],"curies":[{"name":"wp","href":"https:\/\/api.w.org\/{rel}","templated":true}]}}