{"id":1135,"date":"2024-07-04T08:15:46","date_gmt":"2024-07-04T08:15:46","guid":{"rendered":"https:\/\/china-car-sale.com\/?post_type=product&#038;p=1135"},"modified":"2024-07-22T02:40:59","modified_gmt":"2024-07-22T02:40:59","slug":"avatr-12","status":"publish","type":"product","link":"http:\/\/china-car-sale.com\/es\/all-vehicles\/avatr-12\/","title":{"rendered":"AVATR 12"},"content":{"rendered":"<h2 class=\"wp-block-heading\">Descripci\u00f3n general de AVATR 12<\/h2>\n\n\n\n<p>El AVATR 12 es un veh\u00edculo el\u00e9ctrico ejecutivo emblem\u00e1tico que combina la elegancia de un sed\u00e1n con la practicidad de un fastback. Con unas medidas de 5.020 mm de largo, 1.999 mm de ancho y 1.450 mm de alto, con una distancia entre ejes de 3.020 mm, el AVATR 12 ofrece un interior espacioso y lujoso para hasta 5 pasajeros. Su elegante dise\u00f1o presenta tecnolog\u00edas avanzadas de seguridad y rendimiento.<\/p>\n\n\n\n<\/br>\n\n\n\n<h2 class=\"wp-block-heading\">Tren motriz y rendimiento<\/h2>\n\n\n\n<ul class=\"wp-block-list\">\n<li><strong>Versi\u00f3n con tracci\u00f3n trasera (RWD)<\/strong>: Impulsado por un \u00fanico motor el\u00e9ctrico de 230 kW (313 CV), ofrece una autonom\u00eda de hasta 700 kil\u00f3metros con una sola carga. Esta variante acelera de 0 a 100 km\/h en 6,7 segundos.<\/li>\n\n\n\n<li><strong>Versi\u00f3n con tracci\u00f3n total (AWD)<\/strong>: Equipada con motores duales que proporcionan una potencia combinada de 425 kW (578 CV) y 650 Nm de par, esta versi\u00f3n ofrece una autonom\u00eda de hasta 650 kil\u00f3metros. Puede acelerar de 0 a 100 km\/h en s\u00f3lo 3,9 segundos.<\/li>\n<\/ul>\n\n\n\n<p>Ambas versiones utilizan un paquete de bater\u00edas de iones de litio de 94,5 kWh de CATL y admiten capacidades de carga r\u00e1pida.<\/p>\n\n\n\n<\/br>\n\n\n\n<h2 class=\"wp-block-heading\">Sistema inteligente de asistencia a la conducci\u00f3n<\/h2>\n\n\n\n<p>El AVATR 12 est\u00e1 equipado con el Sistema de conducci\u00f3n avanzada (ADS) 2.0 de Huawei, que incluye:<\/p>\n\n\n\n<ul class=\"wp-block-list\">\n<li>3 sensores LiDAR<\/li>\n\n\n\n<li>12 radares ultras\u00f3nicos<\/li>\n\n\n\n<li>6 radares de ondas milim\u00e9tricas de alta precisi\u00f3n<\/li>\n\n\n\n<li>29 sensores que cubren todos los escenarios.<\/li>\n<\/ul>\n\n\n\n<p>Las funciones clave de conducci\u00f3n inteligente incluyen:<\/p>\n\n\n\n<ul class=\"wp-block-list\">\n<li>Asistente de navegaci\u00f3n en carretera y ciudad (NCA)<\/li>\n\n\n\n<li>Control de crucero de carriles en autopistas y ciudades (LCC)<\/li>\n\n\n\n<li>Estacionamiento con valet automatizado (AVP)<\/li>\n\n\n\n<li>Monitoreo de puntos ciegos (BSD)<\/li>\n\n\n\n<li>Frenado aut\u00f3nomo de emergencia (AEB)<\/li>\n\n\n\n<li>Sistema de monitoreo del conductor (DMS)<\/li>\n\n\n\n<li>Advertencia de apertura de puerta (DOW)<\/li>\n<\/ul>\n\n\n\n<\/br>\n\n\n\n<h2 class=\"wp-block-heading\">Dise\u00f1o interior lujoso<\/h2>\n\n\n\n<ul class=\"wp-block-list\">\n<li><strong>Asientos<\/strong>: Asientos delanteros con dise\u00f1o de gravedad cero, ajuste el\u00e9ctrico, soporte lumbar y funciones de ventilaci\u00f3n\/calefacci\u00f3n. Tanto los asientos delanteros como los traseros incluyen funciones de ventilaci\u00f3n, calefacci\u00f3n y masaje.<\/li>\n\n\n\n<li><strong>Tecnolog\u00eda<\/strong>: Una pantalla 4K de 35,4 pulgadas y un panel de control central inteligente de 15,6 pulgadas con tecnolog\u00eda HarmonyOS 4. El sistema es compatible con Huawei Share, Smart Projection y Car-Home Connectivity.<\/li>\n\n\n\n<li><strong>Audio<\/strong>: Un sistema de audio inmersivo 7.1.4 con 27 altavoces Hi-Fi que entregan 1200W de potencia.<\/li>\n\n\n\n<li><strong>Comodidad<\/strong>: Techo corredizo panor\u00e1mico electrocr\u00f3mico, asientos de cuero Nappa y volante de cuero Nappa.<\/li>\n<\/ul>\n\n\n\n<\/br>\n\n\n\n<h2 class=\"wp-block-heading\">Dise\u00f1o exterior<\/h2>\n\n\n\n<ul class=\"wp-block-list\">\n<li><strong>Fascia delantera<\/strong>: Contorno UFO \u00fanico con faros LED y rejilla de entrada activa.<\/li>\n\n\n\n<li><strong>Cuerpo<\/strong>: Proporciones armoniosas y dise\u00f1o de cuerpo flotante.<\/li>\n\n\n\n<li><strong>Trasero<\/strong>: Un gran techo corredizo que act\u00faa como cristal trasero y un sistema de c\u00e1mara opcional que reemplaza a los espejos laterales tradicionales.<\/li>\n<\/ul>\n\n\n\n<\/br>\n\n\n\n<h2 class=\"wp-block-heading\">Bater\u00eda y carga<\/h2>\n\n\n\n<ul class=\"wp-block-list\">\n<li><strong>Seguridad de la bater\u00eda<\/strong>: Funciones avanzadas de seguridad y gesti\u00f3n t\u00e9rmica.<\/li>\n\n\n\n<li><strong>Cargando<\/strong>: Admite carga r\u00e1pida, lo que permite una recuperaci\u00f3n significativa del alcance en poco tiempo.<\/li>\n<\/ul>\n\n\n\n<\/br>\n\n\n\n<h2 class=\"wp-block-heading\">Precios y disponibilidad<\/h2>\n\n\n\n<ul class=\"wp-block-list\">\n<li><strong>Tracci\u00f3n trasera de lujo<\/strong>: A partir de 300.800 yuanes (aproximadamente 41.265 USD)<\/li>\n\n\n\n<li><strong>Rendimiento 4x4<\/strong>: A partir de 340.800 yuanes (aproximadamente 46.750 USD)<\/li>\n\n\n\n<li><strong>GT 4x4<\/strong>: Desde 400.800 yuanes (aproximadamente 54.985 d\u00f3lares), con caracter\u00edsticas premium adicionales como suspensi\u00f3n neum\u00e1tica y frenos Brembo.<\/li>\n<\/ul>\n\n\n\n<p>El AVATR 12 est\u00e1 actualmente disponible en China, con planes de expandirse a otros mercados en el futuro.<\/p>","protected":false},"excerpt":{"rendered":"<p>El AVATR 12 es un SUV crossover el\u00e9ctrico desarrollado por AVATR Technology, una empresa conjunta entre Changan Automobile, CATL y Huawei. Cuenta con dos tecnolog\u00edas clave: la plataforma el\u00e9ctrica inteligente CHN y el sistema de conducci\u00f3n inteligente AVATRANS. Estas tecnolog\u00edas brindan capacidades avanzadas de asistencia al conductor, propulsi\u00f3n el\u00e9ctrica de alto rendimiento y habilitan funciones como control de crucero adaptativo, asistencia para mantenerse en el carril y estacionamiento aut\u00f3nomo. El AVATR 12 entra en la categor\u00eda de SUV compactos de lujo.<\/p>","protected":false},"featured_media":2499,"template":"","product-category":[129,113,138],"class_list":["post-1135","product","type-product","status-publish","has-post-thumbnail","hentry","product-category-avatr","product-category-electric","product-category-sedan"],"acf":[],"_links":{"self":[{"href":"http:\/\/china-car-sale.com\/es\/wp-json\/wp\/v2\/product\/1135","targetHints":{"allow":["GET"]}}],"collection":[{"href":"http:\/\/china-car-sale.com\/es\/wp-json\/wp\/v2\/product"}],"about":[{"href":"http:\/\/china-car-sale.com\/es\/wp-json\/wp\/v2\/types\/product"}],"wp:featuredmedia":[{"embeddable":true,"href":"http:\/\/china-car-sale.com\/es\/wp-json\/wp\/v2\/media\/2499"}],"wp:attachment":[{"href":"http:\/\/china-car-sale.com\/es\/wp-json\/wp\/v2\/media?parent=1135"}],"wp:term":[{"taxonomy":"product-category","embeddable":true,"href":"http:\/\/china-car-sale.com\/es\/wp-json\/wp\/v2\/product-category?post=1135"}],"curies":[{"name":"wp","href":"https:\/\/api.w.org\/{rel}","templated":true}]}}