{"id":1140,"date":"2024-07-04T08:37:51","date_gmt":"2024-07-04T08:37:51","guid":{"rendered":"https:\/\/china-car-sale.com\/?post_type=product&#038;p=1140"},"modified":"2024-07-19T07:32:14","modified_gmt":"2024-07-19T07:32:14","slug":"byd-seal","status":"publish","type":"product","link":"http:\/\/china-car-sale.com\/es\/all-vehicles\/byd-seal\/","title":{"rendered":"Sello BYD"},"content":{"rendered":"<h2 class=\"wp-block-heading\">Introducci\u00f3n<\/h2>\n\n\n\n<p>El BYD Seal es un sed\u00e1n el\u00e9ctrico de tama\u00f1o mediano que mide 4800\u00d71875\u00d71460 mm de largo, ancho y alto, con una distancia entre ejes de 2920 mm, con capacidad para 5 pasajeros. Presenta un dise\u00f1o elegante inspirado en la filosof\u00eda \u201cOcean Aesthetics\u201d de BYD, que combina elegancia con tecnolog\u00eda avanzada. El Seal est\u00e1 propulsado por un motor s\u00edncrono de im\u00e1n permanente simple o doble, que entrega hasta 523 caballos de fuerza y un par m\u00e1ximo de 700 Nm.<\/p>\n\n\n\n<p>Equipado con una bater\u00eda Blade de fosfato de hierro y litio (LFP) de 61,4 kWh o de 82,5 kWh, el BYD Seal ofrece una autonom\u00eda completa de hasta 570 kil\u00f3metros con una sola carga (WLTP). Admite carga r\u00e1pida, logrando una carga de 30-80% en solo 30 minutos.<\/p>\n\n\n\n<\/br>\n\n\n\n<h2 class=\"wp-block-heading\">Tecnolog\u00edas avanzadas de asistencia al conductor<\/h2>\n\n\n\n<ul class=\"wp-block-list\">\n<li>Advertencia de colisi\u00f3n frontal (FCW)<\/li>\n\n\n\n<li>Frenado aut\u00f3nomo de emergencia (AEB)<\/li>\n\n\n\n<li>Advertencia de cambio de carril (LDW)<\/li>\n\n\n\n<li>Asistente para mantenerse en el carril (LKA)<\/li>\n\n\n\n<li>Reconocimiento de se\u00f1ales de tr\u00e1fico (TSR)<\/li>\n\n\n\n<li>Control de crucero adaptativo (ACC)<\/li>\n<\/ul>\n\n\n\n<\/br>\n\n\n\n<h2 class=\"wp-block-heading\">Mejoras de seguridad<\/h2>\n\n\n\n<ul class=\"wp-block-list\">\n<li>Detecci\u00f3n de punto ciego (BSD)<\/li>\n\n\n\n<li>Sistema de detecci\u00f3n de fatiga del conductor<\/li>\n\n\n\n<li>Sistema de c\u00e1mara panor\u00e1mica de 360 grados<\/li>\n\n\n\n<li>Sistema de monitoreo de presi\u00f3n de neum\u00e1ticos (TPMS)<\/li>\n\n\n\n<li>Programa Electr\u00f3nico de Estabilidad (ESP)<\/li>\n\n\n\n<li>Control de asistencia de arranque en pendiente (HAC)<\/li>\n<\/ul>\n\n\n\n<\/br>\n\n\n\n<h2 class=\"wp-block-heading\">Confort Interior y Tecnolog\u00eda<\/h2>\n\n\n\n<ul class=\"wp-block-list\">\n<li>Pantalla de infoentretenimiento con pantalla t\u00e1ctil giratoria de 15,6 pulgadas<\/li>\n\n\n\n<li>Cuadro de instrumentos digitales de 10,25 pulgadas<\/li>\n\n\n\n<li>Funcionalidad NFC de tel\u00e9fono como clave<\/li>\n\n\n\n<li>Techo corredizo panor\u00e1mico que ofrece una vista amplia<\/li>\n\n\n\n<li>Espacio flexible con asientos traseros plegables y divididos para mayor capacidad de carga<\/li>\n\n\n\n<li>Sistema de aire acondicionado con bomba de calor para un control clim\u00e1tico eficiente<\/li>\n<\/ul>\n\n\n\n<\/br>\n\n\n\n<h2 class=\"wp-block-heading\">Powertrain<\/h2>\n\n\n\n<ul class=\"wp-block-list\">\n<li><strong>Versi\u00f3n RWD de gama est\u00e1ndar<\/strong>: Equipado con una bater\u00eda de 61,4 kWh, ofrece una autonom\u00eda de hasta 460 kil\u00f3metros (WLTP) y una aceleraci\u00f3n de 0 a 100 km\/h de 7,5 segundos.<\/li>\n\n\n\n<li><strong>Versi\u00f3n RWD de rango extendido<\/strong>: Equipado con una bater\u00eda de 82,5 kWh, ofrece una autonom\u00eda de hasta 570 kil\u00f3metros (WLTP) y una aceleraci\u00f3n de 0 a 100 km\/h de 5,9 segundos.<\/li>\n\n\n\n<li><strong>Versi\u00f3n de rendimiento AWD<\/strong>: Equipado con dos motores con una bater\u00eda de 82,5 kWh, ofrece una autonom\u00eda de hasta 520 kil\u00f3metros (WLTP) y una aceleraci\u00f3n de 0 a 100 km\/h de 3,8 segundos.<\/li>\n<\/ul>\n\n\n\n<p>Todas las versiones utilizan la e-Platform 3.0 de BYD, dise\u00f1ada exclusivamente para veh\u00edculos puramente el\u00e9ctricos, mejorando la seguridad, la eficiencia y la experiencia de conducci\u00f3n. El Seal admite carga de CA de hasta 11 kW y carga r\u00e1pida de CC de hasta 150 kW.<\/p>\n\n\n\n<\/br>\n\n\n\n<h2 class=\"wp-block-heading\">Dise\u00f1o exterior<\/h2>\n\n\n\n<ul class=\"wp-block-list\">\n<li><strong>Fascia delantera<\/strong>: Faros LED con una distintiva parrilla \u201cOcean X\u201d<\/li>\n\n\n\n<li><strong>Cuerpo<\/strong>: Perfil sed\u00e1n elegante con l\u00edneas de car\u00e1cter n\u00edtidas y contornos fluidos<\/li>\n\n\n\n<li><strong>Trasero<\/strong>: Dise\u00f1o din\u00e1mico de luces traseras LED que abarca todo el ancho del veh\u00edculo<\/li>\n<\/ul>\n\n\n\n<\/br>\n\n\n\n<h2 class=\"wp-block-heading\">Bater\u00eda y carga<\/h2>\n\n\n\n<ul class=\"wp-block-list\">\n<li><strong>Bater\u00eda de cuchilla<\/strong>: Qu\u00edmica LFP para mayor seguridad, longevidad y estabilidad t\u00e9rmica<\/li>\n\n\n\n<li><strong>Cargando<\/strong>: Admite carga r\u00e1pida, lo que permite un uso diario conveniente y viajes m\u00e1s largos<\/li>\n\n\n\n<li><strong>Funci\u00f3n veh\u00edculo a carga (V2L)<\/strong>: Puede suministrar energ\u00eda a dispositivos externos<\/li>\n<\/ul>\n\n\n\n<p>El BYD Seal combina tecnolog\u00eda el\u00e9ctrica avanzada con un dise\u00f1o elegante, ofreciendo una opci\u00f3n atractiva en el segmento de los sed\u00e1n el\u00e9ctricos de tama\u00f1o mediano. Su combinaci\u00f3n de eficiencia, rendimiento y caracter\u00edsticas inteligentes lo convierte en un fuerte competidor en el cambiante panorama automotriz.<\/p>","protected":false},"excerpt":{"rendered":"<p>El BYD Seal es un sed\u00e1n mediano totalmente el\u00e9ctrico producido por BYD Auto. Cuenta con tecnolog\u00edas avanzadas como la integraci\u00f3n Cell-to-Body (CTB) y el sistema inteligente de control de adaptaci\u00f3n de par (iTAC). Estas tecnolog\u00edas proporcionan una mayor rigidez estructural, un mejor manejo y una entrega de potencia eficiente. El Seal entra en la categor\u00eda de sed\u00e1n del segmento D.<\/p>","protected":false},"featured_media":1486,"template":"","product-category":[112,113,138],"class_list":["post-1140","product","type-product","status-publish","has-post-thumbnail","hentry","product-category-byd","product-category-electric","product-category-sedan"],"acf":[],"_links":{"self":[{"href":"http:\/\/china-car-sale.com\/es\/wp-json\/wp\/v2\/product\/1140","targetHints":{"allow":["GET"]}}],"collection":[{"href":"http:\/\/china-car-sale.com\/es\/wp-json\/wp\/v2\/product"}],"about":[{"href":"http:\/\/china-car-sale.com\/es\/wp-json\/wp\/v2\/types\/product"}],"wp:featuredmedia":[{"embeddable":true,"href":"http:\/\/china-car-sale.com\/es\/wp-json\/wp\/v2\/media\/1486"}],"wp:attachment":[{"href":"http:\/\/china-car-sale.com\/es\/wp-json\/wp\/v2\/media?parent=1140"}],"wp:term":[{"taxonomy":"product-category","embeddable":true,"href":"http:\/\/china-car-sale.com\/es\/wp-json\/wp\/v2\/product-category?post=1140"}],"curies":[{"name":"wp","href":"https:\/\/api.w.org\/{rel}","templated":true}]}}