{"id":1156,"date":"2024-07-04T08:45:57","date_gmt":"2024-07-04T08:45:57","guid":{"rendered":"https:\/\/china-car-sale.com\/?post_type=product&#038;p=1156"},"modified":"2024-07-22T01:51:35","modified_gmt":"2024-07-22T01:51:35","slug":"trumpchi-e9","status":"publish","type":"product","link":"http:\/\/china-car-sale.com\/es\/all-vehicles\/trumpchi-e9\/","title":{"rendered":"Trumpchi E9"},"content":{"rendered":"<h2 class=\"wp-block-heading\">Introducci\u00f3n<\/h2>\n\n\n\n<p>El Trumpchi E9 es un monovolumen h\u00edbrido enchufable premium que mide 5212 \u00d7 1893 \u00d7 1823 mm de largo, ancho y alto, con una distancia entre ejes de 3070 mm y tiene capacidad para 7 pasajeros. Presenta un dise\u00f1o sofisticado inspirado en la filosof\u00eda de \u201cest\u00e9tica industrial de alta tecnolog\u00eda\u201d de GAC, que combina elegancia con tecnolog\u00eda de vanguardia. El E9 est\u00e1 propulsado por un sistema de propulsi\u00f3n h\u00edbrido compuesto por un motor turboalimentado de 2.0 litros y un motor el\u00e9ctrico, que ofrece una potencia combinada de hasta 373 caballos de fuerza y un par m\u00e1ximo de 630 Nm.<\/p>\n\n\n\n<p>Equipado con una bater\u00eda ternaria de litio de 25,57 kWh, el Trumpchi E9 ofrece una impresionante autonom\u00eda totalmente el\u00e9ctrica de 106 kil\u00f3metros y una autonom\u00eda total de hasta 1.032 kil\u00f3metros (WLTC) con una sola carga y el dep\u00f3sito lleno. Admite carga r\u00e1pida, logrando una carga de 30-80% en solo 30 minutos.<\/p>\n\n\n\n<\/br>\n\n\n\n<h2 class=\"wp-block-heading\">Tecnolog\u00edas avanzadas de asistencia al conductor<\/h2>\n\n\n\n<ul class=\"wp-block-list\">\n<li>Control de crucero adaptativo (ACC)<\/li>\n\n\n\n<li>Asistente para mantenerse en el carril (LKA)<\/li>\n\n\n\n<li>Advertencia de colisi\u00f3n frontal (FCW)<\/li>\n\n\n\n<li>Frenado aut\u00f3nomo de emergencia (AEB)<\/li>\n\n\n\n<li>Detecci\u00f3n de punto ciego (BSD)<\/li>\n\n\n\n<li>Alerta de tr\u00e1fico cruzado trasero (RCTA)<\/li>\n\n\n\n<li>Reconocimiento de se\u00f1ales de tr\u00e1fico (TSR)<\/li>\n\n\n\n<li>Detecci\u00f3n de fatiga del conductor<\/li>\n<\/ul>\n\n\n\n<\/br>\n\n\n\n<h2 class=\"wp-block-heading\">Funciones innovadoras de comodidad y seguridad<\/h2>\n\n\n\n<ul class=\"wp-block-list\">\n<li>Sistema de c\u00e1mara con vista envolvente de 360 grados<\/li>\n\n\n\n<li>Sistema proactivo de protecci\u00f3n de ocupantes<\/li>\n\n\n\n<li>Aislamiento ac\u00fastico avanzado con 42 materiales fonoabsorbentes<\/li>\n\n\n\n<li>Parabrisas delantero con reducci\u00f3n de ruido ac\u00fastico y ventanas de la primera fila de 5 mm de espesor<\/li>\n\n\n\n<li>Sistema de asistencia a la conducci\u00f3n L2<\/li>\n<\/ul>\n\n\n\n<\/br>\n\n\n\n<h2 class=\"wp-block-heading\">Amenidades interiores premium<\/h2>\n\n\n\n<ul class=\"wp-block-list\">\n<li>Sistema de infoentretenimiento con pantalla t\u00e1ctil central de 14,6 pulgadas<\/li>\n\n\n\n<li>Cuadro de instrumentos digitales de 12,3 pulgadas<\/li>\n\n\n\n<li>Pantalla del acompa\u00f1ante de 12,3 pulgadas<\/li>\n\n\n\n<li>Dos pantallas t\u00e1ctiles de 5 pulgadas integradas en los apoyabrazos de la segunda fila<\/li>\n\n\n\n<li>Pantalla de techo de 15,6 pulgadas para los pasajeros traseros<\/li>\n\n\n\n<li>Sistema de sonido Yamaha con 16 parlantes.<\/li>\n\n\n\n<li>Asientos delanteros calefaccionados y ventilados<\/li>\n\n\n\n<li>Asientos de la fila central con calefacci\u00f3n, ventilaci\u00f3n y masaje.<\/li>\n<\/ul>\n\n\n\n<\/br>\n\n\n\n<h2 class=\"wp-block-heading\">Opciones de tren motriz<\/h2>\n\n\n\n<ol class=\"wp-block-list\">\n<li>Versi\u00f3n Est\u00e1ndar: Equipado con un motor 2.0T (190 CV\/330 Nm) y un motor el\u00e9ctrico (182 CV\/300 Nm), ofreciendo una potencia combinada de 373 CV y 630 Nm.<\/li>\n\n\n\n<li>Grandmaster Edition: cuenta con comodidades de lujo adicionales y mejoras exteriores.<\/li>\n<\/ol>\n\n\n\n<p>Ambas versiones utilizan la transmisi\u00f3n 2DHT avanzada de GAC, lo que mejora la eficiencia y la experiencia de conducci\u00f3n. El E9 admite carga de CA y carga r\u00e1pida de CC, logrando una carga completa en aproximadamente 3,5 horas.<\/p>\n\n\n\n<\/br>\n\n\n\n<h2 class=\"wp-block-heading\">Dise\u00f1o exterior<\/h2>\n\n\n\n<ul class=\"wp-block-list\">\n<li>Delantero: Distintiva parrilla estilo cascada con faros LED matriciales<\/li>\n\n\n\n<li>Perfil: l\u00edneas elegantes con un bajo coeficiente de resistencia para una mayor eficiencia<\/li>\n\n\n\n<li>Parte trasera: luces traseras LED din\u00e1micas y un dise\u00f1o limpio y minimalista<\/li>\n<\/ul>\n\n\n\n<\/br>\n\n\n\n<h2 class=\"wp-block-heading\">Tecnolog\u00eda de bater\u00eda y carga<\/h2>\n\n\n\n<ul class=\"wp-block-list\">\n<li>Bater\u00eda ternaria de litio de 25,57 kWh para autonom\u00eda el\u00e9ctrica ampliada<\/li>\n\n\n\n<li>Admite carga r\u00e1pida de CA y CC<\/li>\n\n\n\n<li>Sistema inteligente de gesti\u00f3n de bater\u00eda para un rendimiento y una longevidad \u00f3ptimos<\/li>\n<\/ul>\n\n\n\n<p>El Trumpchi E9 combina tecnolog\u00eda h\u00edbrida enchufable avanzada, lujosa comodidad y un rendimiento impresionante, lo que lo posiciona como un fuerte competidor en el mercado de los monovol\u00famenes premium.<\/p>","protected":false},"excerpt":{"rendered":"<p>El Trumpchi E9 es un monovolumen h\u00edbrido enchufable de la marca Trumpchi del Grupo GAC. Cuenta con dos tecnolog\u00edas avanzadas: el sistema de propulsi\u00f3n h\u00edbrido 2DHT y la suspensi\u00f3n electromagn\u00e9tica. Estas tecnolog\u00edas brindan una entrega de energ\u00eda eficiente y habilitan funciones como control de crucero adaptativo, asistencia para mantenerse en el carril, estacionamiento aut\u00f3nomo y un sistema de c\u00e1mara panor\u00e1mica de 360 grados. El E9 entra en la categor\u00eda de monovol\u00famenes de lujo.<\/p>","protected":false},"featured_media":2210,"template":"","product-category":[123,140,136],"class_list":["post-1156","product","type-product","status-publish","has-post-thumbnail","hentry","product-category-gac-motor","product-category-mpv","product-category-phev"],"acf":[],"_links":{"self":[{"href":"http:\/\/china-car-sale.com\/es\/wp-json\/wp\/v2\/product\/1156","targetHints":{"allow":["GET"]}}],"collection":[{"href":"http:\/\/china-car-sale.com\/es\/wp-json\/wp\/v2\/product"}],"about":[{"href":"http:\/\/china-car-sale.com\/es\/wp-json\/wp\/v2\/types\/product"}],"wp:featuredmedia":[{"embeddable":true,"href":"http:\/\/china-car-sale.com\/es\/wp-json\/wp\/v2\/media\/2210"}],"wp:attachment":[{"href":"http:\/\/china-car-sale.com\/es\/wp-json\/wp\/v2\/media?parent=1156"}],"wp:term":[{"taxonomy":"product-category","embeddable":true,"href":"http:\/\/china-car-sale.com\/es\/wp-json\/wp\/v2\/product-category?post=1156"}],"curies":[{"name":"wp","href":"https:\/\/api.w.org\/{rel}","templated":true}]}}