{"id":1169,"date":"2024-07-04T08:52:30","date_gmt":"2024-07-04T08:52:30","guid":{"rendered":"https:\/\/china-car-sale.com\/?post_type=product&#038;p=1169"},"modified":"2024-07-19T10:43:09","modified_gmt":"2024-07-19T10:43:09","slug":"voyah-free","status":"publish","type":"product","link":"http:\/\/china-car-sale.com\/es\/all-vehicles\/voyah-free\/","title":{"rendered":"Voyah gratis"},"content":{"rendered":"<h2 class=\"wp-block-heading\">Introducci\u00f3n<\/h2>\n\n\n\n<p>El Voyah Free es un SUV el\u00e9ctrico premium con unas medidas de 4905\u00d71950\u00d71645 mm de largo, ancho y alto, con una distancia entre ejes de 2960 mm, con capacidad para 5 pasajeros. Presenta un dise\u00f1o elegante inspirado en la visi\u00f3n futurista de Voyah, que combina elegancia con tecnolog\u00eda de vanguardia. El Free est\u00e1 propulsado por una configuraci\u00f3n de doble motor en su variante de gama alta, que entrega hasta 489 caballos de fuerza y un par m\u00e1ximo de 720 Nm.<\/p>\n\n\n\n<p>Equipado con una bater\u00eda de iones de litio de 78,2 kWh o 106 kWh, el Voyah Free ofrece una impresionante autonom\u00eda de hasta 500 kil\u00f3metros (WLTP) con una sola carga. Admite carga ultrarr\u00e1pida, logrando una carga 10-80% en solo 45 minutos utilizando su arquitectura avanzada de 800V.<\/p>\n\n\n\n<\/br>\n\n\n\n<h2 class=\"wp-block-heading\">Sistema avanzado de asistencia al conductor<\/h2>\n\n\n\n<ul class=\"wp-block-list\">\n<li>Piloto Guiado de Navegaci\u00f3n en Carretera (NGP)<\/li>\n\n\n\n<li>Control de crucero adaptativo (ACC)<\/li>\n\n\n\n<li>Control de centrado de carril (LCC)<\/li>\n\n\n\n<li>Reconocimiento de se\u00f1ales de tr\u00e1fico (TSR)<\/li>\n\n\n\n<li>Advertencia de colisi\u00f3n frontal (FCW)<\/li>\n\n\n\n<li>Frenado aut\u00f3nomo de emergencia (AEB)<\/li>\n\n\n\n<li>Asistente de estacionamiento con valet automatizado (AVP)<\/li>\n<\/ul>\n\n\n\n<\/br>\n\n\n\n<h2 class=\"wp-block-heading\">Funciones de cabina inteligente<\/h2>\n\n\n\n<ul class=\"wp-block-list\">\n<li>Pantallas t\u00e1ctiles duales de infoentretenimiento de 14,96 pulgadas<\/li>\n\n\n\n<li>Cuadro de instrumentos digitales de 10,25 pulgadas<\/li>\n\n\n\n<li>Asistente de voz impulsado por IA<\/li>\n\n\n\n<li>Experiencia multimedia Xopera 5D con sistema de sonido Dynaudio de 28 parlantes<\/li>\n\n\n\n<li>Actualizaciones inal\u00e1mbricas (OTA) para una mejora continua<\/li>\n<\/ul>\n\n\n\n<\/br>\n\n\n\n<h2 class=\"wp-block-heading\">Interior lujoso<\/h2>\n\n\n\n<ul class=\"wp-block-list\">\n<li>Asientos de dise\u00f1o ergon\u00f3mico con funciones de calefacci\u00f3n, ventilaci\u00f3n y masaje.<\/li>\n\n\n\n<li>Techo corredizo panor\u00e1mico que ofrece una vista amplia<\/li>\n\n\n\n<li>Espacio flexible con asientos traseros abatibles, ampliando el maletero de 560 litros a 1.320 litros<\/li>\n\n\n\n<li>Control de clima autom\u00e1tico de doble zona<\/li>\n\n\n\n<li>Materiales de alta calidad con certificaci\u00f3n OEKO-TEX<\/li>\n<\/ul>\n\n\n\n<\/br>\n\n\n\n<h2 class=\"wp-block-heading\">Opciones de tren motriz<\/h2>\n\n\n\n<ol class=\"wp-block-list\">\n<li>Autonom\u00eda est\u00e1ndar RWD: Equipado con una bater\u00eda de 78,2 kWh, ofrece una autonom\u00eda de hasta 460 km (WLTP) y un tiempo de aceleraci\u00f3n de 0 a 100 km\/h de 6,4 segundos.<\/li>\n\n\n\n<li>RWD Long Range: Equipado con una bater\u00eda de 106 kWh, que proporciona una autonom\u00eda de hasta 500 km (WLTP) con el mismo rendimiento de aceleraci\u00f3n.<\/li>\n\n\n\n<li>Prestaciones AWD: Configuraci\u00f3n de doble motor con 489 CV, que logra una aceleraci\u00f3n de 0 a 100 km\/h en 4,4 segundos y una autonom\u00eda de hasta 500 km (WLTP).<\/li>\n<\/ol>\n\n\n\n<p>Todas las versiones utilizan la avanzada Arquitectura El\u00e9ctrica Inteligente Segura (ESSA) de Voyah, mejorando la eficiencia y la experiencia de conducci\u00f3n. Free admite carga de CA de hasta 11 kW y carga r\u00e1pida de CC de hasta 120 kW.<\/p>\n\n\n\n<\/br>\n\n\n\n<h2 class=\"wp-block-heading\">Estilo exterior<\/h2>\n\n\n\n<ul class=\"wp-block-list\">\n<li>Delantero: elegantes faros LED con sensores LiDAR integrados<\/li>\n\n\n\n<li>Perfil: l\u00edneas suaves y fluidas con un bajo coeficiente de resistencia aerodin\u00e1mica de 0,28<\/li>\n\n\n\n<li>Parte trasera: barra de luces LED de ancho completo y un dise\u00f1o limpio y minimalista<\/li>\n<\/ul>\n\n\n\n<\/br>\n\n\n\n<h2 class=\"wp-block-heading\">Tecnolog\u00eda de bater\u00eda y carga<\/h2>\n\n\n\n<ul class=\"wp-block-list\">\n<li>Sistema avanzado de gesti\u00f3n t\u00e9rmica para un rendimiento \u00f3ptimo de la bater\u00eda.<\/li>\n\n\n\n<li>Certificado IP68 para resistencia al agua y al polvo.<\/li>\n\n\n\n<li>Admite carga r\u00e1pida, lo que permite una recuperaci\u00f3n significativa del alcance en poco tiempo<\/li>\n<\/ul>\n\n\n\n<p>El Voyah Free combina tecnolog\u00eda de vanguardia, lujosa comodidad y un rendimiento impresionante, lo que lo posiciona como un fuerte competidor en el mercado de los SUV el\u00e9ctricos premium.<\/p>","protected":false},"excerpt":{"rendered":"<p>El Voyah Free es un SUV el\u00e9ctrico de lujo de la marca Voyah de Dongfeng Motor Corporation. Cuenta con dos tecnolog\u00edas avanzadas: la plataforma Electric Smart Secure Architecture (ESSA) y el sistema de tracci\u00f3n total de doble motor. Estas tecnolog\u00edas proporcionan una din\u00e1mica de conducci\u00f3n mejorada y habilitan funciones como suspensi\u00f3n neum\u00e1tica adaptativa, sistemas avanzados de asistencia al conductor y un sistema de c\u00e1mara panor\u00e1mica de 360 grados. El Free entra en la categor\u00eda de SUV de lujo de tama\u00f1o mediano.<\/p>","protected":false},"featured_media":2629,"template":"","product-category":[113,139,128],"class_list":["post-1169","product","type-product","status-publish","has-post-thumbnail","hentry","product-category-electric","product-category-suv","product-category-voyah"],"acf":[],"_links":{"self":[{"href":"http:\/\/china-car-sale.com\/es\/wp-json\/wp\/v2\/product\/1169","targetHints":{"allow":["GET"]}}],"collection":[{"href":"http:\/\/china-car-sale.com\/es\/wp-json\/wp\/v2\/product"}],"about":[{"href":"http:\/\/china-car-sale.com\/es\/wp-json\/wp\/v2\/types\/product"}],"wp:featuredmedia":[{"embeddable":true,"href":"http:\/\/china-car-sale.com\/es\/wp-json\/wp\/v2\/media\/2629"}],"wp:attachment":[{"href":"http:\/\/china-car-sale.com\/es\/wp-json\/wp\/v2\/media?parent=1169"}],"wp:term":[{"taxonomy":"product-category","embeddable":true,"href":"http:\/\/china-car-sale.com\/es\/wp-json\/wp\/v2\/product-category?post=1169"}],"curies":[{"name":"wp","href":"https:\/\/api.w.org\/{rel}","templated":true}]}}