{"id":1184,"date":"2024-07-04T09:03:08","date_gmt":"2024-07-04T09:03:08","guid":{"rendered":"https:\/\/china-car-sale.com\/?post_type=product&#038;p=1184"},"modified":"2024-07-19T10:56:03","modified_gmt":"2024-07-19T10:56:03","slug":"tank-400","status":"publish","type":"product","link":"http:\/\/china-car-sale.com\/es\/all-vehicles\/tank-400\/","title":{"rendered":"Tanque 400"},"content":{"rendered":"<h2 class=\"wp-block-heading\">Introducci\u00f3n<\/h2>\n\n\n\n<p>El Tank 400 es un SUV de tama\u00f1o medio que mide 4985\u00d71960\u00d71900 mm de largo, ancho y alto, con una distancia entre ejes de 2850 mm y tiene capacidad para 5 pasajeros. Presenta un dise\u00f1o robusto inspirado en la filosof\u00eda \u201cTank\u201d de Great Wall Motor, que combina robustez con tecnolog\u00eda avanzada. El Tank 400 est\u00e1 propulsado por un sistema de propulsi\u00f3n h\u00edbrido enchufable que entrega hasta 408 caballos de fuerza y un par m\u00e1ximo de 750 Nm.<\/p>\n\n\n\n<p>Equipado con una bater\u00eda de iones de litio de 37,1 kWh, el Tank 400 ofrece una impresionante autonom\u00eda el\u00e9ctrica de hasta 105 kil\u00f3metros (WLTC) con una sola carga. Admite carga r\u00e1pida, logrando una carga 30-80% en aproximadamente 30 minutos.<\/p>\n\n\n\n<\/br>\n\n\n\n<h2 class=\"wp-block-heading\">Capacidades todoterreno avanzadas<\/h2>\n\n\n\n<ul class=\"wp-block-list\">\n<li>Sistema de tracci\u00f3n total de tiempo compartido BorgWarner ESOF<\/li>\n\n\n\n<li>Bloqueos de diferencial delantero y trasero<\/li>\n\n\n\n<li>\u00c1ngulo de aproximaci\u00f3n de 33\u00b0 y \u00e1ngulo de salida de 30\u00b0<\/li>\n\n\n\n<li>Distancia al suelo de 224 mm<\/li>\n\n\n\n<li>Profundidad de vadeo de 800 mm.<\/li>\n\n\n\n<li>M\u00faltiples modos de conducci\u00f3n en terreno<\/li>\n<\/ul>\n\n\n\n<\/br>\n\n\n\n<h2 class=\"wp-block-heading\">Funciones de seguridad inteligentes<\/h2>\n\n\n\n<ul class=\"wp-block-list\">\n<li>Control de crucero adaptativo (ACC)<\/li>\n\n\n\n<li>Asistente para mantenerse en el carril (LKA)<\/li>\n\n\n\n<li>Advertencia de colisi\u00f3n frontal (FCW)<\/li>\n\n\n\n<li>Frenado aut\u00f3nomo de emergencia (AEB)<\/li>\n\n\n\n<li>Detecci\u00f3n de punto ciego (BSD)<\/li>\n\n\n\n<li>Sistema de c\u00e1mara con vista envolvente de 360 grados<\/li>\n<\/ul>\n\n\n\n<\/br>\n\n\n\n<h2 class=\"wp-block-heading\">Amenidades interiores premium<\/h2>\n\n\n\n<ul class=\"wp-block-list\">\n<li>Pantalla de infoentretenimiento con pantalla t\u00e1ctil central de 16,2 pulgadas<\/li>\n\n\n\n<li>Cuadro de instrumentos digitales de 12,3 pulgadas<\/li>\n\n\n\n<li>Pantalla frontal (HUD)<\/li>\n\n\n\n<li>Asientos de cuero napa con funciones de calefacci\u00f3n, ventilaci\u00f3n y masaje<\/li>\n\n\n\n<li>Techo corredizo panor\u00e1mico que ofrece una vista amplia<\/li>\n\n\n\n<li>Espacio flexible con asientos traseros abatibles, ampliando el maletero de 566 litros a 1.803 litros<\/li>\n<\/ul>\n\n\n\n<\/br>\n\n\n\n<h2 class=\"wp-block-heading\">Powertrain<\/h2>\n\n\n\n<p>El Tank 400 est\u00e1 disponible en una configuraci\u00f3n h\u00edbrida enchufable (PHEV): Hi4-T PHEV: Equipado con un motor turboalimentado de 2.0 litros (245 hp) y un motor el\u00e9ctrico (163 hp), que ofrece una potencia combinada de 408 hp y 750 Nm de par. Cuenta con una bater\u00eda de 37,1 kWh, que proporciona una autonom\u00eda el\u00e9ctrica de 105 km y una autonom\u00eda total de 800 km. El tren motriz utiliza una transmisi\u00f3n autom\u00e1tica de 9 velocidades y un sistema de tracci\u00f3n a las cuatro ruedas permanente, mejorando tanto el rendimiento en carretera como fuera de ella. -capacidad de carretera.<\/p>\n\n\n\n<\/br>\n\n\n\n<h2 class=\"wp-block-heading\">Dise\u00f1o exterior<\/h2>\n\n\n\n<ul class=\"wp-block-list\">\n<li>Fascia delantera: faros LED en forma de trapecio y una parrilla audaz<\/li>\n\n\n\n<li>Carrocer\u00eda: perfil musculoso con pasos de rueda anchos y revestimiento de carrocer\u00eda resistente<\/li>\n\n\n\n<li>Trasero: port\u00f3n trasero abatible con rueda de repuesto montada<\/li>\n<\/ul>\n\n\n\n<\/br>\n\n\n\n<h2 class=\"wp-block-heading\">Rendimiento y eficiencia<\/h2>\n\n\n\n<ul class=\"wp-block-list\">\n<li>Aceleraci\u00f3n de 0 a 100 km\/h en menos de 8 segundos (estimada)<\/li>\n\n\n\n<li>Consumo combinado de combustible de 2,06 l\/100 km (WLTC)<\/li>\n\n\n\n<li>Capacidad de remolque de 2,5 toneladas<\/li>\n<\/ul>\n\n\n\n<p>El Tank 400 combina tecnolog\u00eda h\u00edbrida enchufable avanzada, lujosa comodidad e impresionantes capacidades todoterreno, lo que lo posiciona como un fuerte competidor en el mercado de los SUV de tama\u00f1o mediano.<\/p>","protected":false},"excerpt":{"rendered":"<p>El Tank 400 es un SUV de tama\u00f1o mediano de la marca Tank de Great Wall Motor. Cuenta con dos tecnolog\u00edas avanzadas: el sistema h\u00edbrido enchufable Hi4-T y el sistema 4WD inteligente controlado electr\u00f3nicamente. Estas tecnolog\u00edas brindan capacidades todoterreno mejoradas y habilitan funciones como control de crucero adaptativo, asistencia para mantenerse en el carril y un sistema de c\u00e1mara panor\u00e1mica de 360 grados. El Tank 400 entra en la categor\u00eda de SUV de tama\u00f1o mediano.<\/p>","protected":false},"featured_media":2785,"template":"","product-category":[136,139,127],"class_list":["post-1184","product","type-product","status-publish","has-post-thumbnail","hentry","product-category-phev","product-category-suv","product-category-tank"],"acf":[],"_links":{"self":[{"href":"http:\/\/china-car-sale.com\/es\/wp-json\/wp\/v2\/product\/1184","targetHints":{"allow":["GET"]}}],"collection":[{"href":"http:\/\/china-car-sale.com\/es\/wp-json\/wp\/v2\/product"}],"about":[{"href":"http:\/\/china-car-sale.com\/es\/wp-json\/wp\/v2\/types\/product"}],"wp:featuredmedia":[{"embeddable":true,"href":"http:\/\/china-car-sale.com\/es\/wp-json\/wp\/v2\/media\/2785"}],"wp:attachment":[{"href":"http:\/\/china-car-sale.com\/es\/wp-json\/wp\/v2\/media?parent=1184"}],"wp:term":[{"taxonomy":"product-category","embeddable":true,"href":"http:\/\/china-car-sale.com\/es\/wp-json\/wp\/v2\/product-category?post=1184"}],"curies":[{"name":"wp","href":"https:\/\/api.w.org\/{rel}","templated":true}]}}