{"id":1187,"date":"2024-07-04T09:04:17","date_gmt":"2024-07-04T09:04:17","guid":{"rendered":"https:\/\/china-car-sale.com\/?post_type=product&#038;p=1187"},"modified":"2024-07-22T01:55:24","modified_gmt":"2024-07-22T01:55:24","slug":"nio-es7","status":"publish","type":"product","link":"http:\/\/china-car-sale.com\/es\/all-vehicles\/nio-es7\/","title":{"rendered":"ES7"},"content":{"rendered":"<h2 class=\"wp-block-heading\">Introducci\u00f3n<\/h2>\n\n\n\n<p>El NIO ES7 es un SUV el\u00e9ctrico premium con unas medidas de 4912\u00d71987\u00d71720 mm de largo, ancho y alto, con una distancia entre ejes de 2960 mm, con capacidad para 5 pasajeros. Presenta un dise\u00f1o elegante inspirado en la filosof\u00eda \u201cDesign for AD\u201d de NIO, que combina elegancia con tecnolog\u00eda avanzada. El ES7 est\u00e1 propulsado por una configuraci\u00f3n de doble motor, que entrega hasta 653 caballos de fuerza y un par m\u00e1ximo de 850 Nm.<\/p>\n\n\n\n<p>Equipado con un paquete de bater\u00edas de 75 kWh, 100 kWh o 150 kWh, el NIO ES7 ofrece una autonom\u00eda completa de hasta 930 kil\u00f3metros (CLTC) con una sola carga. Admite carga r\u00e1pida, logrando una carga 10-80% en solo 40 minutos.<\/p>\n\n\n\n<\/br>\n\n\n\n<h2 class=\"wp-block-heading\">Conducci\u00f3n aut\u00f3noma de vanguardia<\/h2>\n\n\n\n<ul class=\"wp-block-list\">\n<li>Control de crucero adaptativo (ACC)<\/li>\n\n\n\n<li>Asistente para mantenerse en el carril (LKA)<\/li>\n\n\n\n<li>Frenado autom\u00e1tico de emergencia (AEB)<\/li>\n\n\n\n<li>Reconocimiento de se\u00f1ales de tr\u00e1fico (TSR)<\/li>\n\n\n\n<li>Piloto de carretera<\/li>\n\n\n\n<li>Cambio autom\u00e1tico de carril (ALC)<\/li>\n\n\n\n<li>33 unidades de detecci\u00f3n de alto rendimiento, incluido LiDAR<\/li>\n<\/ul>\n\n\n\n<\/br>\n\n\n\n<h2 class=\"wp-block-heading\">Funciones de confort inteligentes<\/h2>\n\n\n\n<ul class=\"wp-block-list\">\n<li>C\u00e1mara de visi\u00f3n envolvente de 360 grados<\/li>\n\n\n\n<li>Sistema de monitoreo del conductor<\/li>\n\n\n\n<li>Cabina digital compatible con PanoCinema AR\/VR<\/li>\n\n\n\n<li>Asistente de IA NOMI<\/li>\n\n\n\n<li>Capacidad V2L (veh\u00edculo a carga)<\/li>\n\n\n\n<li>Modo de acampada<\/li>\n<\/ul>\n\n\n\n<\/br>\n\n\n\n<h2 class=\"wp-block-heading\">Amenidades interiores premium<\/h2>\n\n\n\n<ul class=\"wp-block-list\">\n<li>Pantalla t\u00e1ctil central AMOLED de 12,8 pulgadas<\/li>\n\n\n\n<li>Cuadro de instrumentos digitales de 10,2 pulgadas<\/li>\n\n\n\n<li>7.1.4 Sistema de sonido envolvente Dolby Atmos<\/li>\n\n\n\n<li>Asientos de cuero napa con funciones de calefacci\u00f3n, ventilaci\u00f3n y masaje<\/li>\n\n\n\n<li>Techo corredizo panor\u00e1mico con atenuaci\u00f3n electrocr\u00f3mica<\/li>\n\n\n\n<li>Espacio flexible con asientos traseros ajustables el\u00e9ctricamente (23\u00b0-31\u00b0), ampliando el maletero de 570 litros a 1.545 litros<\/li>\n<\/ul>\n\n\n\n<\/br>\n\n\n\n<h2 class=\"wp-block-heading\">Opciones de tren motriz<\/h2>\n\n\n\n<ol class=\"wp-block-list\">\n<li>Autonom\u00eda est\u00e1ndar: Equipado con una bater\u00eda de 75 kWh, ofrece una autonom\u00eda CLTC de hasta 485 km.<\/li>\n\n\n\n<li>Larga autonom\u00eda: Con una bater\u00eda de 100 kWh, proporciona una autonom\u00eda CLTC de hasta 620 km.<\/li>\n\n\n\n<li>Autonom\u00eda ultralarga: Equipado con una bater\u00eda de estado s\u00f3lido de 150 kWh, que ofrece una autonom\u00eda CLTC de hasta 930 km.<\/li>\n<\/ol>\n\n\n\n<p>Todas las versiones utilizan el avanzado sistema de tracci\u00f3n total el\u00e9ctrica de NIO, mejorando el rendimiento y la din\u00e1mica de conducci\u00f3n. El ES7 admite carga de CA, carga r\u00e1pida de CC y la tecnolog\u00eda de intercambio de bater\u00eda exclusiva de NIO.<\/p>\n\n\n\n<\/br>\n\n\n\n<h2 class=\"wp-block-heading\">Estilo exterior<\/h2>\n\n\n\n<ul class=\"wp-block-list\">\n<li>Delantero: Cara \u201cX-Bar\u201d con luces diurnas LED delgadas<\/li>\n\n\n\n<li>Cuerpo: perfil elegante con un bajo coeficiente de resistencia aerodin\u00e1mica de 0,263<\/li>\n\n\n\n<li>Trasera: Luz trasera \u201cAir Wing\u201d con 202 m\u00f3dulos LED<\/li>\n<\/ul>\n\n\n\n<\/br>\n\n\n\n<h2 class=\"wp-block-heading\">Rendimiento y eficiencia<\/h2>\n\n\n\n<ul class=\"wp-block-list\">\n<li>Aceleraci\u00f3n de 0 a 100 km\/h en 3,9 segundos<\/li>\n\n\n\n<li>Velocidad m\u00e1xima de 200 km\/h<\/li>\n\n\n\n<li>Consumo de energ\u00eda tan bajo como 16,7 kWh\/100 km<\/li>\n\n\n\n<li>Primer veh\u00edculo de pasajeros en China certificado para remolque, con una capacidad de 2.000 kg<\/li>\n<\/ul>\n\n\n\n<p>El NIO ES7 combina tecnolog\u00eda el\u00e9ctrica avanzada, lujosa comodidad y un rendimiento impresionante, lo que lo posiciona como un fuerte competidor en el mercado de los SUV el\u00e9ctricos premium.<\/p>","protected":false},"excerpt":{"rendered":"<p>El NIO ES7 es un SUV de lujo de tama\u00f1o mediano totalmente el\u00e9ctrico producido por NIO, un fabricante chino de veh\u00edculos el\u00e9ctricos. Cuenta con tecnolog\u00edas avanzadas de veh\u00edculos el\u00e9ctricos y un elegante dise\u00f1o aerodin\u00e1mico con un coeficiente de resistencia aerodin\u00e1mica de 0,263. El ES7 ofrece un interior espacioso con materiales de primera calidad y viene equipado con los \u00faltimos sistemas de asistencia al conductor de NIO, incluida la tecnolog\u00eda de conducci\u00f3n aut\u00f3noma (NAD) de NIO. El ES7 entra en la categor\u00eda de SUV el\u00e9ctricos de lujo de tama\u00f1o mediano.<\/p>","protected":false},"featured_media":2853,"template":"","product-category":[113,125,139],"class_list":["post-1187","product","type-product","status-publish","has-post-thumbnail","hentry","product-category-electric","product-category-nio","product-category-suv"],"acf":[],"_links":{"self":[{"href":"http:\/\/china-car-sale.com\/es\/wp-json\/wp\/v2\/product\/1187","targetHints":{"allow":["GET"]}}],"collection":[{"href":"http:\/\/china-car-sale.com\/es\/wp-json\/wp\/v2\/product"}],"about":[{"href":"http:\/\/china-car-sale.com\/es\/wp-json\/wp\/v2\/types\/product"}],"wp:featuredmedia":[{"embeddable":true,"href":"http:\/\/china-car-sale.com\/es\/wp-json\/wp\/v2\/media\/2853"}],"wp:attachment":[{"href":"http:\/\/china-car-sale.com\/es\/wp-json\/wp\/v2\/media?parent=1187"}],"wp:term":[{"taxonomy":"product-category","embeddable":true,"href":"http:\/\/china-car-sale.com\/es\/wp-json\/wp\/v2\/product-category?post=1187"}],"curies":[{"name":"wp","href":"https:\/\/api.w.org\/{rel}","templated":true}]}}