{"id":1196,"date":"2024-07-04T09:07:32","date_gmt":"2024-07-04T09:07:32","guid":{"rendered":"https:\/\/china-car-sale.com\/?post_type=product&#038;p=1196"},"modified":"2024-07-19T10:49:40","modified_gmt":"2024-07-19T10:49:40","slug":"xpeng-x9","status":"publish","type":"product","link":"http:\/\/china-car-sale.com\/es\/all-vehicles\/xpeng-x9\/","title":{"rendered":"Xpeng X9"},"content":{"rendered":"<h2 class=\"wp-block-heading\">Introducci\u00f3n<\/h2>\n\n\n\n<p>El Xpeng X9 es un monovolumen el\u00e9ctrico de \u00faltima generaci\u00f3n con unas medidas de 5293\u00d71988\u00d71785 mm de largo, ancho y alto, con una distancia entre ejes de 3160 mm, con capacidad para 7 pasajeros. Muestra un dise\u00f1o futurista inspirado en naves espaciales, que combina eficiencia aerodin\u00e1mica con tecnolog\u00eda avanzada. El X9 est\u00e1 propulsado por una configuraci\u00f3n de doble motor, que entrega hasta 503 caballos de fuerza y un par m\u00e1ximo de 640 Nm.<\/p>\n\n\n\n<p>Equipado con una bater\u00eda de alta capacidad de 101,5 kWh, el Xpeng X9 ofrece una impresionante autonom\u00eda de hasta 640 kil\u00f3metros con una sola carga. Admite carga ultrarr\u00e1pida de 800 V, lo que permite agregar hasta 300 km de autonom\u00eda en solo 10 minutos.<\/p>\n\n\n\n<\/br>\n\n\n\n<h2 class=\"wp-block-heading\">Sistema avanzado de asistencia al conductor<\/h2>\n\n\n\n<ul class=\"wp-block-list\">\n<li>Capacidades de conducci\u00f3n aut\u00f3noma en escenarios completos<\/li>\n\n\n\n<li>Control de crucero adaptativo con funci\u00f3n de parada y arranque<\/li>\n\n\n\n<li>Asistente de centrado de carril y cambio autom\u00e1tico de carril<\/li>\n\n\n\n<li>Sistema de estacionamiento automatizado<\/li>\n\n\n\n<li>Reconocimiento de se\u00f1ales de tr\u00e1fico<\/li>\n<\/ul>\n\n\n\n<\/br>\n\n\n\n<h2 class=\"wp-block-heading\">Tecnolog\u00eda de cabina inteligente<\/h2>\n\n\n\n<ul class=\"wp-block-list\">\n<li>XOS Tianji, sistema operativo inteligente para autom\u00f3viles de pr\u00f3xima generaci\u00f3n<\/li>\n\n\n\n<li>Asistente de voz impulsado por IA<\/li>\n\n\n\n<li>Visualizaci\u00f3n de realidad circundante (SR) en tiempo real<\/li>\n\n\n\n<li>Capacidades multitarea en una sola pantalla<\/li>\n<\/ul>\n\n\n\n<\/br>\n\n\n\n<h2 class=\"wp-block-heading\">Dise\u00f1o de interiores de lujo<\/h2>\n\n\n\n<ul class=\"wp-block-list\">\n<li>Pantalla del sistema de entretenimiento familiar de 21,4 pulgadas<\/li>\n\n\n\n<li>Pantalla t\u00e1ctil central de infoentretenimiento de 14,96 pulgadas<\/li>\n\n\n\n<li>Pantalla de controlador digital de 10,25 pulgadas<\/li>\n\n\n\n<li>Asientos reclinables de gravedad cero con reposacabezas el\u00e9ctricos ajustables<\/li>\n\n\n\n<li>El primer sistema de aire acondicionado central integrado y envolvente del mundo<\/li>\n\n\n\n<li>Frigor\u00edfico inteligente empotrable con control de temperatura de 0-50\u00b0C<\/li>\n<\/ul>\n\n\n\n<\/br>\n\n\n\n<h2 class=\"wp-block-heading\">Opciones de tren motriz<\/h2>\n\n\n\n<ol class=\"wp-block-list\">\n<li>Versi\u00f3n Monomotor: Equipado con un motor trasero de 235 kW, que ofrece una autonom\u00eda de hasta 610 kil\u00f3metros y un tiempo de aceleraci\u00f3n de 0 a 100 km\/h de 7,7 segundos.<\/li>\n\n\n\n<li>Versi\u00f3n Performance de doble motor AWD: Presenta una potencia combinada de 370 kW de los motores delantero y trasero, lo que proporciona una autonom\u00eda de hasta 640 kil\u00f3metros y un tiempo de aceleraci\u00f3n de 0 a 100 km\/h de 5,7 segundos.<\/li>\n<\/ol>\n\n\n\n<p>Ambas versiones utilizan la arquitectura avanzada SEPA2.0 de Xpeng, dise\u00f1ada para maximizar la eficiencia y el rendimiento en veh\u00edculos el\u00e9ctricos.<\/p>","protected":false},"excerpt":{"rendered":"<p>El Xpeng X9 es un monovolumen totalmente el\u00e9ctrico de la marca Xpeng. Cuenta con dos tecnolog\u00edas avanzadas: el sistema avanzado de asistencia al conductor SEPA 2.0 (Smart Electric Platform Architecture) y el sistema avanzado de asistencia al conductor XNGP (Xpeng Navigation Guided Pilot). Estas tecnolog\u00edas proporcionan propulsi\u00f3n el\u00e9ctrica eficiente y habilitan funciones como control de crucero adaptativo, asistente de mantenimiento de carril, estacionamiento aut\u00f3nomo y un sistema de c\u00e1mara panor\u00e1mica de 360 grados. El X9 entra en la categor\u00eda de monovol\u00famenes grandes.<\/p>","protected":false},"featured_media":3003,"template":"","product-category":[113,140,146],"class_list":["post-1196","product","type-product","status-publish","has-post-thumbnail","hentry","product-category-electric","product-category-mpv","product-category-xpeng"],"acf":[],"_links":{"self":[{"href":"http:\/\/china-car-sale.com\/es\/wp-json\/wp\/v2\/product\/1196","targetHints":{"allow":["GET"]}}],"collection":[{"href":"http:\/\/china-car-sale.com\/es\/wp-json\/wp\/v2\/product"}],"about":[{"href":"http:\/\/china-car-sale.com\/es\/wp-json\/wp\/v2\/types\/product"}],"wp:featuredmedia":[{"embeddable":true,"href":"http:\/\/china-car-sale.com\/es\/wp-json\/wp\/v2\/media\/3003"}],"wp:attachment":[{"href":"http:\/\/china-car-sale.com\/es\/wp-json\/wp\/v2\/media?parent=1196"}],"wp:term":[{"taxonomy":"product-category","embeddable":true,"href":"http:\/\/china-car-sale.com\/es\/wp-json\/wp\/v2\/product-category?post=1196"}],"curies":[{"name":"wp","href":"https:\/\/api.w.org\/{rel}","templated":true}]}}