{"id":1197,"date":"2024-07-04T09:08:15","date_gmt":"2024-07-04T09:08:15","guid":{"rendered":"https:\/\/china-car-sale.com\/?post_type=product&#038;p=1197"},"modified":"2024-07-19T08:55:02","modified_gmt":"2024-07-19T08:55:02","slug":"exeed-star-era-es","status":"publish","type":"product","link":"http:\/\/china-car-sale.com\/es\/all-vehicles\/exeed-star-era-es\/","title":{"rendered":"EXEED Star Era ES"},"content":{"rendered":"<h2 class=\"wp-block-heading\">Introducci\u00f3n<\/h2>\n\n\n\n<p>El EXEED Star Era ES es un sed\u00e1n el\u00e9ctrico de lujo de tama\u00f1o mediano que mide 4945 \u00d7 1978 \u00d7 1489 mm de largo, ancho y alto, con una distancia entre ejes de 3000 mm y tiene capacidad para 5 pasajeros. Presenta un dise\u00f1o elegante inspirado en la filosof\u00eda \u201cWind Aesthetics\u201d de EXEED, que combina elegancia con tecnolog\u00eda avanzada. El Star Era ES est\u00e1 propulsado por dos motores el\u00e9ctricos que entregan hasta 353 kW (473 caballos de fuerza) y un par m\u00e1ximo de 663 Nm.<\/p>\n\n\n\n<p>Equipado con una bater\u00eda de iones de litio de 60,7 kWh, 66,4 kWh, 79,9 kWh o 97,7 kWh, el EXEED Star Era ES ofrece una autonom\u00eda completa de hasta 905 kil\u00f3metros con una sola carga (CLTC). Admite carga r\u00e1pida, logrando una carga 80% en solo 15 minutos.<\/p>\n\n\n\n<\/br>\n\n\n\n<h2 class=\"wp-block-heading\">Tecnolog\u00edas avanzadas de asistencia al conductor<\/h2>\n\n\n\n<ul class=\"wp-block-list\">\n<li>Piloto Guiado de Navegaci\u00f3n en Carretera (NGP)<\/li>\n\n\n\n<li>Asistente para mantenerse en el carril (LKA)<\/li>\n\n\n\n<li>Frenado aut\u00f3nomo de emergencia (AEB)<\/li>\n\n\n\n<li>Advertencia de colisi\u00f3n frontal (FCW)<\/li>\n\n\n\n<li>Reconocimiento de se\u00f1ales de tr\u00e1fico (TSR)<\/li>\n\n\n\n<li>Estacionamiento con valet automatizado (AVP)<\/li>\n<\/ul>\n\n\n\n<\/br>\n\n\n\n<h2 class=\"wp-block-heading\">Funciones de seguridad inteligentes<\/h2>\n\n\n\n<ul class=\"wp-block-list\">\n<li>Detecci\u00f3n de punto ciego (BSD)<\/li>\n\n\n\n<li>Sistema de c\u00e1mara panor\u00e1mica de 360 grados<\/li>\n\n\n\n<li>Detecci\u00f3n de fatiga del conductor (DFD)<\/li>\n\n\n\n<li>Programa Electr\u00f3nico de Estabilidad (ESP)<\/li>\n\n\n\n<li>Sistema de monitoreo de presi\u00f3n de neum\u00e1ticos (TPMS)<\/li>\n\n\n\n<li>Advertencia de puerta abierta (DOW)<\/li>\n<\/ul>\n\n\n\n<\/br>\n\n\n\n<h2 class=\"wp-block-heading\">Interior y tecnolog\u00eda premium<\/h2>\n\n\n\n<ul class=\"wp-block-list\">\n<li>Pantalla de control central de 15,6 pulgadas y 2,5K<\/li>\n\n\n\n<li>Cuadro de instrumentos digitales de 12,3 pulgadas<\/li>\n\n\n\n<li>Pantalla frontal (HUD)<\/li>\n\n\n\n<li>Sistema de sonido premium con 21 parlantes de alta calidad<\/li>\n\n\n\n<li>Techo corredizo panor\u00e1mico que ofrece una vista amplia<\/li>\n\n\n\n<li>Asientos de cuero con funciones de calefacci\u00f3n, ventilaci\u00f3n y masaje.<\/li>\n\n\n\n<li>Sistema avanzado de purificaci\u00f3n de aire.<\/li>\n<\/ul>\n\n\n\n<\/br>\n\n\n\n<h2 class=\"wp-block-heading\">Powertrain<\/h2>\n\n\n\n<ul class=\"wp-block-list\">\n<li><strong>Gama est\u00e1ndar de aire<\/strong>: Equipado con una bater\u00eda de 60,7 kWh, ofrece una autonom\u00eda de hasta 550 kil\u00f3metros (CLTC) y una aceleraci\u00f3n de 0 a 100 km\/h de 7,4 segundos.<\/li>\n\n\n\n<li><strong>Gama est\u00e1ndar Plus<\/strong>: Equipado con una bater\u00eda de 66,4 kWh, ofrece una autonom\u00eda de hasta 605 kil\u00f3metros (CLTC) y una aceleraci\u00f3n de 0 a 100 km\/h de 7,1 segundos.<\/li>\n\n\n\n<li><strong>Largo alcance m\u00e1ximo<\/strong>: Equipado con una bater\u00eda de 79,9 kWh, ofrece una autonom\u00eda de hasta 720 kil\u00f3metros (CLTC) y una aceleraci\u00f3n de 0 a 100 km\/h de 5,6 segundos.<\/li>\n\n\n\n<li><strong>M\u00e1x+ alcance ultralargo<\/strong>: Equipado con una bater\u00eda de 97,7 kWh, ofrece una autonom\u00eda de hasta 905 kil\u00f3metros (CLTC) y una aceleraci\u00f3n de 0 a 100 km\/h de 5,6 segundos.<\/li>\n\n\n\n<li><strong>Rendimiento de tracci\u00f3n ultra en las cuatro ruedas<\/strong>: Equipado con motores duales con una potencia combinada de 353 kW, que proporciona una autonom\u00eda de hasta 650 kil\u00f3metros (CLTC) y un tiempo de aceleraci\u00f3n de 0 a 100 km\/h de 3,7 segundos.<\/li>\n<\/ul>\n\n\n\n<p>Todas las versiones utilizan la plataforma avanzada E0X de EXEED, lo que mejora la seguridad, la eficiencia y la experiencia de conducci\u00f3n. Star Era ES admite carga de CA y carga r\u00e1pida de CC de hasta 800 V.<\/p>\n\n\n\n<\/br>\n\n\n\n<h2 class=\"wp-block-heading\">Dise\u00f1o exterior<\/h2>\n\n\n\n<ul class=\"wp-block-list\">\n<li>Fascia delantera: faros LED matriciales con una distintiva parrilla \u201cWind Aesthetics\u201d<\/li>\n\n\n\n<li>Carrocer\u00eda: perfil sed\u00e1n elegante con l\u00edneas de carrocer\u00eda suaves y sedosas<\/li>\n\n\n\n<li>Parte trasera: dise\u00f1o din\u00e1mico de luces traseras LED que abarca todo el ancho del veh\u00edculo<\/li>\n<\/ul>\n\n\n\n<\/br>\n\n\n\n<h2 class=\"wp-block-heading\">Bater\u00eda y carga<\/h2>\n\n\n\n<ul class=\"wp-block-list\">\n<li>Bater\u00eda de iones de litio de alta capacidad para mayor autonom\u00eda y rendimiento<\/li>\n\n\n\n<li>Carga: Admite carga r\u00e1pida, lo que permite una recuperaci\u00f3n significativa del alcance en poco tiempo<\/li>\n\n\n\n<li>Sistema inteligente de gesti\u00f3n de bater\u00eda para un rendimiento \u00f3ptimo<\/li>\n<\/ul>\n\n\n\n<p>El EXEED Star Era ES combina tecnolog\u00eda el\u00e9ctrica avanzada con un dise\u00f1o elegante, ofreciendo una opci\u00f3n atractiva en el segmento de los sed\u00e1n el\u00e9ctricos de lujo de tama\u00f1o mediano. Su combinaci\u00f3n de eficiencia, rendimiento y caracter\u00edsticas inteligentes lo convierte en un fuerte competidor en el cambiante panorama automotriz.<\/p>","protected":false},"excerpt":{"rendered":"<p>El EXEED Star Era ES es un SUV el\u00e9ctrico de lujo de la marca EXEED de Chery Automobile. Cuenta con dos tecnolog\u00edas avanzadas: el sistema de propulsi\u00f3n el\u00e9ctrica inteligente E-Drive y la plataforma de conectividad inteligente Lion 5.0. Estas tecnolog\u00edas proporcionan propulsi\u00f3n el\u00e9ctrica de alto rendimiento y habilitan funciones como asistencia avanzada al conductor, interacci\u00f3n de voz inteligente, actualizaciones inal\u00e1mbricas y una cabina panor\u00e1mica inteligente. El Star Era ES entra en la categor\u00eda de los SUV grandes.<\/p>","protected":false},"featured_media":3038,"template":"","product-category":[113,130,138],"class_list":["post-1197","product","type-product","status-publish","has-post-thumbnail","hentry","product-category-electric","product-category-exeed","product-category-sedan"],"acf":[],"_links":{"self":[{"href":"http:\/\/china-car-sale.com\/es\/wp-json\/wp\/v2\/product\/1197","targetHints":{"allow":["GET"]}}],"collection":[{"href":"http:\/\/china-car-sale.com\/es\/wp-json\/wp\/v2\/product"}],"about":[{"href":"http:\/\/china-car-sale.com\/es\/wp-json\/wp\/v2\/types\/product"}],"wp:featuredmedia":[{"embeddable":true,"href":"http:\/\/china-car-sale.com\/es\/wp-json\/wp\/v2\/media\/3038"}],"wp:attachment":[{"href":"http:\/\/china-car-sale.com\/es\/wp-json\/wp\/v2\/media?parent=1197"}],"wp:term":[{"taxonomy":"product-category","embeddable":true,"href":"http:\/\/china-car-sale.com\/es\/wp-json\/wp\/v2\/product-category?post=1197"}],"curies":[{"name":"wp","href":"https:\/\/api.w.org\/{rel}","templated":true}]}}