{"id":1587,"date":"2024-07-09T09:37:35","date_gmt":"2024-07-09T09:37:35","guid":{"rendered":"https:\/\/china-car-sale.com\/?post_type=product&#038;p=1587"},"modified":"2024-07-19T07:59:47","modified_gmt":"2024-07-19T07:59:47","slug":"yangwang-u8","status":"publish","type":"product","link":"http:\/\/china-car-sale.com\/es\/all-vehicles\/yangwang-u8\/","title":{"rendered":"BYD Yangwang U8"},"content":{"rendered":"<h2 class=\"wp-block-heading\">Introducci\u00f3n<\/h2>\n\n\n\n<p>El BYD Yangwang U8 es un SUV de lujo de tama\u00f1o completo que mide 5319\u00d72050\u00d71930 mm de largo, ancho y alto, con una distancia entre ejes de 3050 mm y tiene capacidad para 7 pasajeros. Presenta un dise\u00f1o robusto inspirado en la filosof\u00eda \u201cTime and Space Gateway\u201d de BYD, que combina robustez con tecnolog\u00eda avanzada. El U8 est\u00e1 propulsado por un sistema de propulsi\u00f3n el\u00e9ctrico de cuatro motores, que entrega hasta 1.180 caballos de fuerza y un par m\u00e1ximo de 1.280 Nm.<\/p>\n\n\n\n<p>Equipado con una bater\u00eda Blade de fosfato de hierro y litio (LFP) de 49,05 kWh, el BYD Yangwang U8 ofrece una autonom\u00eda completa de hasta 1.000 kil\u00f3metros con una sola carga (CLTC) con la ayuda de un extensor de autonom\u00eda. Admite carga r\u00e1pida, logrando una carga 30-80% en tan solo 18 minutos.<\/p>\n\n\n\n<\/br>\n\n\n\n<h2 class=\"wp-block-heading\">Tecnolog\u00edas avanzadas de asistencia al conductor<\/h2>\n\n\n\n<ul class=\"wp-block-list\">\n<li>Control de crucero adaptativo (ACC)<\/li>\n\n\n\n<li>Advertencia de cambio de carril (LDW)<\/li>\n\n\n\n<li>Asistente para mantenerse en el carril (LKA)<\/li>\n\n\n\n<li>Frenado aut\u00f3nomo de emergencia (AEB)<\/li>\n\n\n\n<li>Advertencia de colisi\u00f3n frontal (FCW)<\/li>\n\n\n\n<li>Reconocimiento de se\u00f1ales de tr\u00e1fico (TSR)<\/li>\n<\/ul>\n\n\n\n<\/br>\n\n\n\n<h2 class=\"wp-block-heading\">Mejoras de seguridad<\/h2>\n\n\n\n<ul class=\"wp-block-list\">\n<li>Detecci\u00f3n de punto ciego (BSD)<\/li>\n\n\n\n<li>Sistema de c\u00e1mara panor\u00e1mica de 360 grados<\/li>\n\n\n\n<li>Sistema de monitoreo de presi\u00f3n de neum\u00e1ticos (TPMS)<\/li>\n\n\n\n<li>Programa Electr\u00f3nico de Estabilidad (ESP)<\/li>\n\n\n\n<li>Control de descenso de pendientes (HDC)<\/li>\n\n\n\n<li>Siete airbags, incluido un airbag para las rodillas del conductor<\/li>\n<\/ul>\n\n\n\n<\/br>\n\n\n\n<h2 class=\"wp-block-heading\">Interior y tecnolog\u00eda premium<\/h2>\n\n\n\n<ul class=\"wp-block-list\">\n<li>Pantalla central curva OLED Galaxy de 12,8 pulgadas<\/li>\n\n\n\n<li>Doble pantalla longitudinal de 23,6 pulgadas para conductor y acompa\u00f1ante<\/li>\n\n\n\n<li>Asientos de cuero Nappa premium con funciones de calefacci\u00f3n, ventilaci\u00f3n y masaje<\/li>\n\n\n\n<li>Techo corredizo panor\u00e1mico con protecci\u00f3n UV<\/li>\n\n\n\n<li>Espacio flexible con asientos de la segunda fila plegables con divisi\u00f3n 60:40 y asientos de la tercera fila plegables con divisi\u00f3n 50:50<\/li>\n\n\n\n<li>Sistema de audio de la serie Dynaudio Platinum Evidence de 22 altavoces<\/li>\n<\/ul>\n\n\n\n<\/br>\n\n\n\n<h2 class=\"wp-block-heading\">Powertrain<\/h2>\n\n\n\n<ul class=\"wp-block-list\">\n<li>Quad Motor AWD: Equipado con cuatro motores el\u00e9ctricos que producen una potencia combinada de 1.180 CV (880 kW) y 1.280 Nm de par, ofreciendo una aceleraci\u00f3n de 0 a 100 km\/h de 3,6 segundos y una velocidad m\u00e1xima de 200 km\/h.<\/li>\n<\/ul>\n\n\n\n<p>El U8 utiliza la plataforma e\u2074 de BYD, dise\u00f1ada exclusivamente para veh\u00edculos el\u00e9ctricos puros, mejorando la seguridad, la eficiencia y la experiencia de conducci\u00f3n. Admite carga de CA de hasta 11 kW y carga r\u00e1pida de CC de hasta 110 kW.<\/p>\n\n\n\n<\/br>\n\n\n\n<h2 class=\"wp-block-heading\">Dise\u00f1o exterior<\/h2>\n\n\n\n<ul class=\"wp-block-list\">\n<li><strong>Fascia delantera<\/strong>: Faros delanteros de matriz LED con la distintiva parrilla \u201cTime and Space Gateway\u201d<\/li>\n\n\n\n<li><strong>Cuerpo<\/strong>: Perfil SUV musculoso con l\u00edneas de car\u00e1cter n\u00edtidas y contornos fluidos<\/li>\n\n\n\n<li><strong>Trasero<\/strong>: Barra de luces traseras LED de ancho completo y elementos de dise\u00f1o dobles integrados estilo escape<\/li>\n<\/ul>\n\n\n\n<\/br>\n\n\n\n<h2 class=\"wp-block-heading\">Bater\u00eda y carga<\/h2>\n\n\n\n<ul class=\"wp-block-list\">\n<li><strong>Bater\u00eda de cuchilla<\/strong>: Qu\u00edmica LFP para mayor seguridad, longevidad y estabilidad t\u00e9rmica<\/li>\n\n\n\n<li><strong>Cargando<\/strong>: Admite carga r\u00e1pida, lo que permite una autonom\u00eda de 140 km en solo 10 minutos de carga<\/li>\n\n\n\n<li><strong>Funci\u00f3n veh\u00edculo a carga (V2L)<\/strong>: Puede suministrar energ\u00eda a dispositivos externos de hasta 6 kW<\/li>\n<\/ul>\n\n\n\n<p>El BYD Yangwang U8 combina caracter\u00edsticas premium, tecnolog\u00eda el\u00e9ctrica avanzada y rendimiento vers\u00e1til, ofreciendo una opci\u00f3n atractiva en el segmento de los SUV el\u00e9ctricos de lujo. Su combinaci\u00f3n de eficiencia, potencia y caracter\u00edsticas inteligentes lo convierte en un fuerte competidor en el cambiante panorama automotriz.<\/p>","protected":false},"excerpt":{"rendered":"<p>El BYD Yangwang U8 es un veh\u00edculo todoterreno el\u00e9ctrico de la marca Yangwang de BYD. Cuenta con dos tecnolog\u00edas avanzadas: E-4WD y el sistema de control hidr\u00e1ulico inteligente de la carrocer\u00eda YUNNEI-P. Estas tecnolog\u00edas proporcionan capacidades de vectorizaci\u00f3n de par independiente en las cuatro ruedas y habilitan funciones como estabilidad extrema, control de reventones de neum\u00e1ticos, flotaci\u00f3n de emergencia, giros de pivote y direcci\u00f3n \u00e1gil. El U8 entra en la categor\u00eda de los SUV grandes.<\/p>","protected":false},"featured_media":1592,"template":"","product-category":[112,136,139],"class_list":["post-1587","product","type-product","status-publish","has-post-thumbnail","hentry","product-category-byd","product-category-phev","product-category-suv"],"acf":[],"_links":{"self":[{"href":"http:\/\/china-car-sale.com\/es\/wp-json\/wp\/v2\/product\/1587","targetHints":{"allow":["GET"]}}],"collection":[{"href":"http:\/\/china-car-sale.com\/es\/wp-json\/wp\/v2\/product"}],"about":[{"href":"http:\/\/china-car-sale.com\/es\/wp-json\/wp\/v2\/types\/product"}],"wp:featuredmedia":[{"embeddable":true,"href":"http:\/\/china-car-sale.com\/es\/wp-json\/wp\/v2\/media\/1592"}],"wp:attachment":[{"href":"http:\/\/china-car-sale.com\/es\/wp-json\/wp\/v2\/media?parent=1587"}],"wp:term":[{"taxonomy":"product-category","embeddable":true,"href":"http:\/\/china-car-sale.com\/es\/wp-json\/wp\/v2\/product-category?post=1587"}],"curies":[{"name":"wp","href":"https:\/\/api.w.org\/{rel}","templated":true}]}}