{"id":2042,"date":"2024-07-11T10:12:32","date_gmt":"2024-07-11T10:12:32","guid":{"rendered":"https:\/\/china-car-sale.com\/?post_type=product&#038;p=2042"},"modified":"2024-07-22T01:58:31","modified_gmt":"2024-07-22T01:58:31","slug":"lynk-co-08","status":"publish","type":"product","link":"http:\/\/china-car-sale.com\/es\/all-vehicles\/lynk-co-08\/","title":{"rendered":"Lynk y compa\u00f1\u00eda 08"},"content":{"rendered":"<h2 class=\"wp-block-heading\">Introducci\u00f3n<\/h2>\n\n\n\n<p>El Lynk &amp; Co 08 es un SUV premium de tama\u00f1o mediano que mide 4820\u00d71915\u00d71685 mm de largo, ancho y alto, con una distancia entre ejes de 2848 mm y tiene capacidad para 5 pasajeros. Presenta un dise\u00f1o elegante inspirado en el concepto &quot;Next Day&quot; de Lynk &amp; Co, que combina elegancia con tecnolog\u00eda avanzada. El 08 est\u00e1 propulsado por un sistema de propulsi\u00f3n h\u00edbrido enchufable, que entrega hasta 436 kW (593 CV) y un par m\u00e1ximo de 905 Nm.<\/p>\n\n\n\n<p>Equipado con una bater\u00eda ternaria de litio de 39,6 kWh, el Lynk &amp; Co 08 ofrece una autonom\u00eda el\u00e9ctrica completa de hasta 245 kil\u00f3metros (CLTC) con una sola carga. Admite carga r\u00e1pida, logrando una carga 30-80% en solo 28 minutos.<\/p>\n\n\n\n<\/br>\n\n\n\n<h2 class=\"wp-block-heading\">Tecnolog\u00edas de asistencia al conductor de vanguardia<\/h2>\n\n\n\n<ul class=\"wp-block-list\">\n<li>Control de crucero adaptativo (ACC)<\/li>\n\n\n\n<li>Asistente para mantenerse en el carril (LKA)<\/li>\n\n\n\n<li>Advertencia de colisi\u00f3n frontal (FCW)<\/li>\n\n\n\n<li>Frenado aut\u00f3nomo de emergencia (AEB)<\/li>\n\n\n\n<li>Detecci\u00f3n de punto ciego (BSD)<\/li>\n\n\n\n<li>Alerta de tr\u00e1fico cruzado trasero (RCTA)<\/li>\n\n\n\n<li>Reconocimiento de se\u00f1ales de tr\u00e1fico (TSR)<\/li>\n\n\n\n<li>Detecci\u00f3n de fatiga del conductor<\/li>\n<\/ul>\n\n\n\n<\/br>\n\n\n\n<h2 class=\"wp-block-heading\">Funciones innovadoras de seguridad y comodidad<\/h2>\n\n\n\n<ul class=\"wp-block-list\">\n<li>C\u00e1mara de visi\u00f3n envolvente de 360 grados<\/li>\n\n\n\n<li>Sistema proactivo de protecci\u00f3n de ocupantes<\/li>\n\n\n\n<li>Sistema de purificaci\u00f3n de aire<\/li>\n\n\n\n<li>Sistema de aromaterapia con tres modos.<\/li>\n\n\n\n<li>Plataforma de carga inal\u00e1mbrica para tel\u00e9fonos de 50W<\/li>\n\n\n\n<li>Capacidad de veh\u00edculo a carga (V2L)<\/li>\n<\/ul>\n\n\n\n<\/br>\n\n\n\n<h2 class=\"wp-block-heading\">Amenidades interiores premium<\/h2>\n\n\n\n<ul class=\"wp-block-list\">\n<li>Pantalla de infoentretenimiento con pantalla t\u00e1ctil central de 15,4 pulgadas<\/li>\n\n\n\n<li>Cuadro de instrumentos digitales de 12,3 pulgadas<\/li>\n\n\n\n<li>AR-HUD (pantalla frontal de realidad aumentada) de 92 pulgadas<\/li>\n\n\n\n<li>Asientos de cuero napa con funciones de calefacci\u00f3n, ventilaci\u00f3n y masaje<\/li>\n\n\n\n<li>Techo corredizo panor\u00e1mico que ofrece una vista amplia<\/li>\n\n\n\n<li>Espacio flexible con asientos traseros ajustables, ampliando el maletero de 545 litros a 1277 litros<\/li>\n\n\n\n<li>Sistema de sonido premium Harman\/Kardon de 23 bocinas<\/li>\n<\/ul>\n\n\n\n<\/br>\n\n\n\n<h2 class=\"wp-block-heading\">Opciones de tren motriz<\/h2>\n\n\n\n<ol class=\"wp-block-list\">\n<li>Versi\u00f3n Autonom\u00eda Est\u00e1ndar: Equipada con una bater\u00eda de 21,2 kWh, que ofrece una autonom\u00eda el\u00e9ctrica de hasta 120 kil\u00f3metros (CLTC).<\/li>\n\n\n\n<li>Versi\u00f3n de autonom\u00eda extendida: Con una bater\u00eda de 39,6 kWh, proporciona una autonom\u00eda el\u00e9ctrica de hasta 245 kil\u00f3metros (CLTC).<\/li>\n<\/ol>\n\n\n\n<p>Ambas versiones utilizan la plataforma avanzada CMA Evo de Lynk &amp; Co y el sistema h\u00edbrido enchufable EM-P, mejorando el rendimiento y la eficiencia. El 08 admite carga de CA de hasta 3,3 kW y carga r\u00e1pida de CC de hasta 80 kW.<\/p>\n\n\n\n<\/br>\n\n\n\n<h2 class=\"wp-block-heading\">Dise\u00f1o exterior<\/h2>\n\n\n\n<ul class=\"wp-block-list\">\n<li>Fascia delantera: distintivos faros LED con luces de circulaci\u00f3n diurna en forma de Y<\/li>\n\n\n\n<li>Carrocer\u00eda: perfil elegante con l\u00edneas de car\u00e1cter n\u00edtidas y un coeficiente de resistencia bajo<\/li>\n\n\n\n<li>Parte trasera: barra de luces LED de ancho completo y un dise\u00f1o limpio y minimalista<\/li>\n<\/ul>\n\n\n\n<\/br>\n\n\n\n<h2 class=\"wp-block-heading\">Rendimiento y eficiencia<\/h2>\n\n\n\n<ul class=\"wp-block-list\">\n<li>Aceleraci\u00f3n de 0 a 100 km\/h en 4,6 segundos para la versi\u00f3n superior<\/li>\n\n\n\n<li>Consumo combinado de combustible tan bajo como 1,6 l\/100 km<\/li>\n\n\n\n<li>Autonom\u00eda total de hasta 1.400 kil\u00f3metros con dep\u00f3sito lleno y carga<\/li>\n<\/ul>\n\n\n\n<p>El Lynk &amp; Co 08 combina tecnolog\u00eda h\u00edbrida enchufable avanzada, comodidad de lujo y un rendimiento impresionante, lo que lo posiciona como un fuerte competidor en el mercado de los SUV premium.<\/p>","protected":false},"excerpt":{"rendered":"<p>El Lynk &amp; Co 08 es un SUV crossover de tama\u00f1o mediano producido por Lynk &amp; Co, una empresa conjunta entre Geely y Volvo. Presenta un dise\u00f1o moderno con tecnolog\u00eda h\u00edbrida enchufable avanzada y funciones de conectividad. El 08 ofrece un interior espacioso con materiales de primera calidad y viene equipado con los \u00faltimos sistemas de asistencia al conductor de Lynk &amp; Co, incluido el sistema de cabina inteligente LYNK Flyme Auto. Pertenece a la categor\u00eda de los SUV de tama\u00f1o medio.<\/p>","protected":false},"featured_media":2047,"template":"","product-category":[133,137,139],"class_list":["post-2042","product","type-product","status-publish","has-post-thumbnail","hentry","product-category-lynkco","product-category-reev","product-category-suv"],"acf":[],"_links":{"self":[{"href":"http:\/\/china-car-sale.com\/es\/wp-json\/wp\/v2\/product\/2042","targetHints":{"allow":["GET"]}}],"collection":[{"href":"http:\/\/china-car-sale.com\/es\/wp-json\/wp\/v2\/product"}],"about":[{"href":"http:\/\/china-car-sale.com\/es\/wp-json\/wp\/v2\/types\/product"}],"wp:featuredmedia":[{"embeddable":true,"href":"http:\/\/china-car-sale.com\/es\/wp-json\/wp\/v2\/media\/2047"}],"wp:attachment":[{"href":"http:\/\/china-car-sale.com\/es\/wp-json\/wp\/v2\/media?parent=2042"}],"wp:term":[{"taxonomy":"product-category","embeddable":true,"href":"http:\/\/china-car-sale.com\/es\/wp-json\/wp\/v2\/product-category?post=2042"}],"curies":[{"name":"wp","href":"https:\/\/api.w.org\/{rel}","templated":true}]}}