{"id":1141,"date":"2024-07-04T08:38:07","date_gmt":"2024-07-04T08:38:07","guid":{"rendered":"https:\/\/china-car-sale.com\/?post_type=product&#038;p=1141"},"modified":"2024-10-19T08:46:25","modified_gmt":"2024-10-19T08:46:25","slug":"byd-han","status":"publish","type":"product","link":"http:\/\/china-car-sale.com\/ru\/all-vehicles\/byd-han\/","title":{"rendered":"\u0411\u0418\u0414 \u0425\u0430\u043d"},"content":{"rendered":"<h2 class=\"wp-block-heading\">\u0412\u0432\u0435\u0434\u0435\u043d\u0438\u0435<\/h2>\n\n\n\n<p>The new BYD Han series maintains its classic design with subtle refinements in details. The DM-i model introduces new paint options such as Silver Glaze White, while the pure electric EV version adds choices like Twilight Mountain Purple, offering more personalized selections. Regarding vehicle dimensions, the new model remains consistent with the previous generation. The BYD Han EV measures 4,995\u00d71,910\u00d71,495 millimeters, while the DM-i version has slightly different dimensions of 4,975\u00d71,910\u00d71,495 millimeters; both have a wheelbase of 2,920 millimeters.<\/p>\n\n\n\n<p>In terms of interior configuration, the 2024 BYD Han retains the 15.6-inch floating rotating central control screen and the 12.3-inch full LCD instrument panel. It is also upgraded with the DiLink 100 car system, featuring a 2.5K high-definition central control screen and equipped with a D100 (6nm) chip, which significantly enhances processing capabilities and image quality. Nevertheless, some users may have reservations about the response speed and application compatibility of the car system.<\/p>\n\n\n\n<\/br>\n\n\n\n<h2 class=\"wp-block-heading\">\u0418\u043d\u0442\u0435\u043b\u043b\u0435\u043a\u0442\u0443\u0430\u043b\u044c\u043d\u0430\u044f \u0441\u0438\u0441\u0442\u0435\u043c\u0430 \u043f\u043e\u043c\u043e\u0449\u0438 \u043f\u0440\u0438 \u0432\u043e\u0436\u0434\u0435\u043d\u0438\u0438<\/h2>\n\n\n\n<ul class=\"wp-block-list\">\n<li>\u0421\u0438\u0441\u0442\u0435\u043c\u0430 \u043f\u043e\u043c\u043e\u0449\u0438 \u043f\u0440\u0438 \u043d\u0430\u0432\u0438\u0433\u0430\u0446\u0438\u0438 \u043f\u043e \u0448\u043e\u0441\u0441\u0435 \u0438 \u0433\u043e\u0440\u043e\u0434\u0443 (NCA)<\/li>\n\n\n\n<li>\u041a\u0440\u0443\u0438\u0437-\u043a\u043e\u043d\u0442\u0440\u043e\u043b\u044c \u043f\u043e \u0448\u043e\u0441\u0441\u0435 \u0438 \u0433\u043e\u0440\u043e\u0434\u0441\u043a\u0438\u043c \u043f\u043e\u043b\u043e\u0441\u0430\u043c (LCC)<\/li>\n\n\n\n<li>\u0410\u0432\u0442\u043e\u043c\u0430\u0442\u0438\u0437\u0438\u0440\u043e\u0432\u0430\u043d\u043d\u0430\u044f \u043f\u0430\u0440\u043a\u043e\u0432\u043a\u0430 \u0430\u0432\u0442\u043e\u043c\u043e\u0431\u0438\u043b\u0435\u0439 \u0441\u043b\u0443\u0436\u0430\u0449\u0438\u043c \u043e\u0442\u0435\u043b\u044f (AVP)<\/li>\n\n\n\n<li>\u0410\u0432\u0442\u043e\u043d\u043e\u043c\u043d\u043e\u0435 \u044d\u043a\u0441\u0442\u0440\u0435\u043d\u043d\u043e\u0435 \u0442\u043e\u0440\u043c\u043e\u0436\u0435\u043d\u0438\u0435 (AEB)<\/li>\n\n\n\n<li>\u041f\u0440\u0435\u0434\u043e\u0442\u0432\u0440\u0430\u0449\u0435\u043d\u0438\u0435 \u0432\u044b\u0435\u0437\u0434\u0430 \u0441 \u043f\u043e\u043b\u043e\u0441\u044b \u0434\u0432\u0438\u0436\u0435\u043d\u0438\u044f (LDP)<\/li>\n\n\n\n<li>\u0420\u0430\u0441\u043f\u043e\u0437\u043d\u0430\u0432\u0430\u043d\u0438\u0435 \u0434\u043e\u0440\u043e\u0436\u043d\u044b\u0445 \u0437\u043d\u0430\u043a\u043e\u0432 (TSR)<\/li>\n<\/ul>\n\n\n\n<\/br>\n\n\n\n<h2 class=\"wp-block-heading\">\u0418\u043d\u0442\u0435\u043b\u043b\u0435\u043a\u0442\u0443\u0430\u043b\u044c\u043d\u044b\u0435 \u0444\u0443\u043d\u043a\u0446\u0438\u0438 \u0431\u0435\u0437\u043e\u043f\u0430\u0441\u043d\u043e\u0441\u0442\u0438<\/h2>\n\n\n\n<ul class=\"wp-block-list\">\n<li>\u041e\u0431\u043d\u0430\u0440\u0443\u0436\u0435\u043d\u0438\u0435 \u0441\u043b\u0435\u043f\u044b\u0445 \u0437\u043e\u043d (BSD)<\/li>\n\n\n\n<li>\u0421\u0438\u0441\u0442\u0435\u043c\u0430 \u043c\u043e\u043d\u0438\u0442\u043e\u0440\u0438\u043d\u0433\u0430 \u0432\u043e\u0434\u0438\u0442\u0435\u043b\u044f (DMS)<\/li>\n\n\n\n<li>\u041f\u0440\u0435\u0434\u0443\u043f\u0440\u0435\u0436\u0434\u0435\u043d\u0438\u0435 \u043e\u0431 \u043e\u0442\u043a\u0440\u044b\u0442\u0438\u0438 \u0434\u0432\u0435\u0440\u0438 (DOW)<\/li>\n\n\n\n<li>\u0421\u0438\u0441\u0442\u0435\u043c\u0430 \u043a\u0430\u043c\u0435\u0440 \u043a\u0440\u0443\u0433\u043e\u0432\u043e\u0433\u043e \u043e\u0431\u0437\u043e\u0440\u0430 \u043d\u0430 360 \u0433\u0440\u0430\u0434\u0443\u0441\u043e\u0432<\/li>\n\n\n\n<li>\u0410\u0434\u0430\u043f\u0442\u0438\u0432\u043d\u044b\u0439 \u043a\u0440\u0443\u0438\u0437-\u043a\u043e\u043d\u0442\u0440\u043e\u043b\u044c (ACC)<\/li>\n\n\n\n<li>\u041f\u0440\u043e\u0435\u043a\u0446\u0438\u043e\u043d\u043d\u044b\u0439 \u0434\u0438\u0441\u043f\u043b\u0435\u0439 (HUD)<\/li>\n<\/ul>\n\n\n\n<\/br>\n\n\n\n<h2 class=\"wp-block-heading\">\u0420\u043e\u0441\u043a\u043e\u0448\u043d\u0430\u044f \u0432\u043d\u0443\u0442\u0440\u0435\u043d\u043d\u044f\u044f \u043f\u043b\u0430\u043d\u0438\u0440\u043e\u0432\u043a\u0430<\/h2>\n\n\n\n<ul class=\"wp-block-list\">\n<li>15,6-\u0434\u044e\u0439\u043c\u043e\u0432\u044b\u0439 \u0432\u0440\u0430\u0449\u0430\u044e\u0449\u0438\u0439\u0441\u044f \u0441\u0435\u043d\u0441\u043e\u0440\u043d\u044b\u0439 \u0438\u043d\u0444\u043e\u0440\u043c\u0430\u0446\u0438\u043e\u043d\u043d\u043e-\u0440\u0430\u0437\u0432\u043b\u0435\u043a\u0430\u0442\u0435\u043b\u044c\u043d\u044b\u0439 \u0434\u0438\u0441\u043f\u043b\u0435\u0439<\/li>\n\n\n\n<li>12,3-\u0434\u044e\u0439\u043c\u043e\u0432\u0430\u044f \u0446\u0438\u0444\u0440\u043e\u0432\u0430\u044f \u043f\u0440\u0438\u0431\u043e\u0440\u043d\u0430\u044f \u043f\u0430\u043d\u0435\u043b\u044c<\/li>\n\n\n\n<li>\u0421\u0438\u0434\u0435\u043d\u044c\u044f \u0438\u0437 \u043a\u043e\u0436\u0438 \u043d\u0430\u043f\u043f\u0430 \u0441 \u0444\u0443\u043d\u043a\u0446\u0438\u044f\u043c\u0438 \u0432\u0435\u043d\u0442\u0438\u043b\u044f\u0446\u0438\u0438, \u043f\u043e\u0434\u043e\u0433\u0440\u0435\u0432\u0430 \u0438 \u043c\u0430\u0441\u0441\u0430\u0436\u0430.<\/li>\n\n\n\n<li>\u041f\u0430\u043d\u043e\u0440\u0430\u043c\u043d\u0430\u044f \u043a\u0440\u044b\u0448\u0430 \u0441 \u0437\u0430\u0449\u0438\u0442\u043e\u0439 \u043e\u0442 \u0443\u043b\u044c\u0442\u0440\u0430\u0444\u0438\u043e\u043b\u0435\u0442\u0430 \u0438 \u0448\u0443\u043c\u043e\u043f\u043e\u0434\u0430\u0432\u043b\u0435\u043d\u0438\u0435\u043c.<\/li>\n\n\n\n<li>\u0410\u0443\u0434\u0438\u043e\u0441\u0438\u0441\u0442\u0435\u043c\u0430 \u043f\u0440\u0435\u043c\u0438\u0443\u043c-\u043a\u043b\u0430\u0441\u0441\u0430 Dynaudio \u0441 12 \u0434\u0438\u043d\u0430\u043c\u0438\u043a\u0430\u043c\u0438<\/li>\n\n\n\n<li>\u041c\u043d\u043e\u0433\u043e\u0437\u043e\u043d\u043d\u044b\u0439 \u043a\u043b\u0438\u043c\u0430\u0442-\u043a\u043e\u043d\u0442\u0440\u043e\u043b\u044c<\/li>\n<\/ul>\n\n\n\n<\/br>\n\n\n\n<h2 class=\"wp-block-heading\">Powertrain<\/h2>\n\n\n\n<ul class=\"wp-block-list\">\n<li><strong>\u0412\u0435\u0440\u0441\u0438\u044f \u0441 \u0437\u0430\u0434\u043d\u0438\u043c \u043f\u0440\u0438\u0432\u043e\u0434\u043e\u043c (RWD)<\/strong>: \u041e\u0441\u043d\u0430\u0449\u0435\u043d \u043e\u0434\u043d\u0438\u043c \u044d\u043b\u0435\u043a\u0442\u0440\u043e\u0434\u0432\u0438\u0433\u0430\u0442\u0435\u043b\u0435\u043c \u043c\u043e\u0449\u043d\u043e\u0441\u0442\u044c\u044e 230 \u043a\u0412\u0442 (313 \u043b.\u0441.), \u043e\u0431\u0435\u0441\u043f\u0435\u0447\u0438\u0432\u0430\u044e\u0449\u0438\u043c \u0437\u0430\u043f\u0430\u0441 \u0445\u043e\u0434\u0430 \u0434\u043e 715 \u043a\u0438\u043b\u043e\u043c\u0435\u0442\u0440\u043e\u0432 (CLTC) \u0438 \u0432\u0440\u0435\u043c\u044f \u0440\u0430\u0437\u0433\u043e\u043d\u0430 \u043e\u0442 0 \u0434\u043e 100 \u043a\u043c\/\u0447 \u0437\u0430 7,9 \u0441\u0435\u043a\u0443\u043d\u0434\u044b.<\/li>\n\n\n\n<li><strong>\u041f\u043e\u043b\u043d\u043e\u043f\u0440\u0438\u0432\u043e\u0434\u043d\u0430\u044f \u0432\u0435\u0440\u0441\u0438\u044f (AWD)<\/strong>: \u043e\u0441\u043d\u0430\u0449\u0435\u043d \u0434\u0432\u0443\u043c\u044f \u0434\u0432\u0438\u0433\u0430\u0442\u0435\u043b\u044f\u043c\u0438, \u043e\u0431\u0435\u0441\u043f\u0435\u0447\u0438\u0432\u0430\u044e\u0449\u0438\u043c\u0438 \u043e\u0431\u0449\u0443\u044e \u0432\u044b\u0445\u043e\u0434\u043d\u0443\u044e \u043c\u043e\u0449\u043d\u043e\u0441\u0442\u044c 380 \u043a\u0412\u0442 (516 \u043b.\u0441.) \u0438 \u043a\u0440\u0443\u0442\u044f\u0449\u0438\u0439 \u043c\u043e\u043c\u0435\u043d\u0442 700 \u041d\u043c, \u0437\u0430\u043f\u0430\u0441 \u0445\u043e\u0434\u0430 \u0434\u043e 610 \u043a\u0438\u043b\u043e\u043c\u0435\u0442\u0440\u043e\u0432 (CLTC) \u0438 \u0432\u0440\u0435\u043c\u044f \u0440\u0430\u0437\u0433\u043e\u043d\u0430 \u043e\u0442 0 \u0434\u043e 100 \u043a\u043c\/\u0447 \u0437\u0430 3,9 \u0441\u0435\u043a\u0443\u043d\u0434\u044b.<\/li>\n<\/ul>\n\n\n\n<p>\u0412 \u043e\u0431\u0435\u0438\u0445 \u0432\u0435\u0440\u0441\u0438\u044f\u0445 \u0438\u0441\u043f\u043e\u043b\u044c\u0437\u0443\u0435\u0442\u0441\u044f \u044d\u043b\u0435\u043a\u0442\u0440\u043e\u043d\u043d\u0430\u044f \u043f\u043b\u0430\u0442\u0444\u043e\u0440\u043c\u0430 BYD 3.0, \u0440\u0430\u0437\u0440\u0430\u0431\u043e\u0442\u0430\u043d\u043d\u0430\u044f \u0438\u0441\u043a\u043b\u044e\u0447\u0438\u0442\u0435\u043b\u044c\u043d\u043e \u0434\u043b\u044f \u044d\u043b\u0435\u043a\u0442\u0440\u043e\u043c\u043e\u0431\u0438\u043b\u0435\u0439 \u0438 \u043f\u043e\u0432\u044b\u0448\u0430\u044e\u0449\u0430\u044f \u0431\u0435\u0437\u043e\u043f\u0430\u0441\u043d\u043e\u0441\u0442\u044c, \u044d\u0444\u0444\u0435\u043a\u0442\u0438\u0432\u043d\u043e\u0441\u0442\u044c \u0438 \u0443\u0434\u043e\u0431\u0441\u0442\u0432\u043e \u0432\u043e\u0436\u0434\u0435\u043d\u0438\u044f. HAN \u043f\u043e\u0434\u0434\u0435\u0440\u0436\u0438\u0432\u0430\u0435\u0442 \u0437\u0430\u0440\u044f\u0434\u043a\u0443 \u043f\u0435\u0440\u0435\u043c\u0435\u043d\u043d\u044b\u043c \u0442\u043e\u043a\u043e\u043c \u0434\u043e 11 \u043a\u0412\u0442 \u0438 \u0431\u044b\u0441\u0442\u0440\u0443\u044e \u0437\u0430\u0440\u044f\u0434\u043a\u0443 \u043f\u043e\u0441\u0442\u043e\u044f\u043d\u043d\u044b\u043c \u0442\u043e\u043a\u043e\u043c \u0434\u043e 120 \u043a\u0412\u0442.<\/p>\n\n\n\n<\/br>\n\n\n\n<h2 class=\"wp-block-heading\">\u0412\u043d\u0435\u0448\u043d\u0438\u0439 \u0434\u0438\u0437\u0430\u0439\u043d<\/h2>\n\n\n\n<ul class=\"wp-block-list\">\n<li><strong>\u041f\u0435\u0440\u0435\u0434\u043d\u044f\u044f \u043f\u0430\u043d\u0435\u043b\u044c<\/strong>: \u0425\u0430\u0440\u0430\u043a\u0442\u0435\u0440\u043d\u0430\u044f \u0440\u0435\u0448\u0435\u0442\u043a\u0430 \u0440\u0430\u0434\u0438\u0430\u0442\u043e\u0440\u0430 \u00abDragon Face\u00bb \u0441\u043e \u0441\u0432\u0435\u0442\u043e\u0434\u0438\u043e\u0434\u043d\u044b\u043c\u0438 \u043c\u0430\u0442\u0440\u0438\u0447\u043d\u044b\u043c\u0438 \u0444\u0430\u0440\u0430\u043c\u0438.<\/li>\n\n\n\n<li><strong>\u0422\u0435\u043b\u043e<\/strong>: \u041e\u0431\u0442\u0435\u043a\u0430\u0435\u043c\u044b\u0439 \u0430\u044d\u0440\u043e\u0434\u0438\u043d\u0430\u043c\u0438\u0447\u0435\u0441\u043a\u0438\u0439 \u043f\u0440\u043e\u0444\u0438\u043b\u044c \u0441 \u043a\u043e\u044d\u0444\u0444\u0438\u0446\u0438\u0435\u043d\u0442\u043e\u043c \u043b\u043e\u0431\u043e\u0432\u043e\u0433\u043e \u0441\u043e\u043f\u0440\u043e\u0442\u0438\u0432\u043b\u0435\u043d\u0438\u044f 0,233 Cd.<\/li>\n\n\n\n<li><strong>\u0417\u0430\u0434\u043d\u0438\u0439<\/strong>: \u0421\u0432\u0435\u0442\u043e\u0434\u0438\u043e\u0434\u043d\u044b\u0435 \u0437\u0430\u0434\u043d\u0438\u0435 \u0444\u043e\u043d\u0430\u0440\u0438 \u0432\u043e \u0432\u0441\u044e \u0448\u0438\u0440\u0438\u043d\u0443 \u0438 \u0441\u043a\u0440\u044b\u0442\u0430\u044f \u0432\u044b\u0445\u043b\u043e\u043f\u043d\u0430\u044f \u0441\u0438\u0441\u0442\u0435\u043c\u0430.<\/li>\n<\/ul>\n\n\n\n<\/br>\n\n\n\n<h2 class=\"wp-block-heading\">\u0410\u043a\u043a\u0443\u043c\u0443\u043b\u044f\u0442\u043e\u0440 \u0438 \u0437\u0430\u0440\u044f\u0434\u043a\u0430<\/h2>\n\n\n\n<ul class=\"wp-block-list\">\n<li><strong>\u041b\u0435\u0437\u0432\u0438\u0435 \u0431\u0430\u0442\u0430\u0440\u0435\u0438<\/strong>: \u0425\u0438\u043c\u0438\u0447\u0435\u0441\u043a\u0438\u0439 \u0441\u043e\u0441\u0442\u0430\u0432 LFP \u0434\u043b\u044f \u043f\u043e\u0432\u044b\u0448\u0435\u043d\u0438\u044f \u0431\u0435\u0437\u043e\u043f\u0430\u0441\u043d\u043e\u0441\u0442\u0438, \u0434\u043e\u043b\u0433\u043e\u0432\u0435\u0447\u043d\u043e\u0441\u0442\u0438 \u0438 \u0442\u0435\u0440\u043c\u0438\u0447\u0435\u0441\u043a\u043e\u0439 \u0441\u0442\u0430\u0431\u0438\u043b\u044c\u043d\u043e\u0441\u0442\u0438.<\/li>\n\n\n\n<li><strong>\u0417\u0430\u0440\u044f\u0434\u043a\u0430<\/strong>: \u041f\u043e\u0434\u0434\u0435\u0440\u0436\u043a\u0430 \u0431\u044b\u0441\u0442\u0440\u043e\u0439 \u0437\u0430\u0440\u044f\u0434\u043a\u0438, \u043e\u0431\u0435\u0441\u043f\u0435\u0447\u0438\u0432\u0430\u044e\u0449\u0430\u044f \u0437\u0430\u043f\u0430\u0441 \u0445\u043e\u0434\u0430 \u043d\u0430 200 \u043a\u043c \u0432\u0441\u0435\u0433\u043e \u0437\u0430 15 \u043c\u0438\u043d\u0443\u0442 \u0437\u0430\u0440\u044f\u0434\u043a\u0438.<\/li>\n<\/ul>\n\n\n\n<p>BYD HAN \u0441\u043e\u0447\u0435\u0442\u0430\u0435\u0442 \u0432 \u0441\u0435\u0431\u0435 \u0440\u043e\u0441\u043a\u043e\u0448\u044c, \u043f\u0435\u0440\u0435\u0434\u043e\u0432\u044b\u0435 \u0442\u0435\u0445\u043d\u043e\u043b\u043e\u0433\u0438\u0438 \u0438 \u0432\u044b\u0441\u043e\u043a\u0443\u044e \u043f\u0440\u043e\u0438\u0437\u0432\u043e\u0434\u0438\u0442\u0435\u043b\u044c\u043d\u043e\u0441\u0442\u044c, \u0447\u0442\u043e \u0434\u0435\u043b\u0430\u0435\u0442 \u0435\u0433\u043e \u0441\u0438\u043b\u044c\u043d\u044b\u043c \u043a\u043e\u043d\u043a\u0443\u0440\u0435\u043d\u0442\u043e\u043c \u043d\u0430 \u0440\u044b\u043d\u043a\u0435 \u044d\u043b\u0435\u043a\u0442\u0440\u043e\u043c\u043e\u0431\u0438\u043b\u0435\u0439 \u043f\u0440\u0435\u043c\u0438\u0443\u043c-\u043a\u043b\u0430\u0441\u0441\u0430.<\/p>","protected":false},"excerpt":{"rendered":"<p>BYD Han \u2014 \u043f\u043e\u043b\u043d\u043e\u0441\u0442\u044c\u044e \u044d\u043b\u0435\u043a\u0442\u0440\u0438\u0447\u0435\u0441\u043a\u0438\u0439 \u0441\u0435\u0434\u0430\u043d \u043a\u043b\u0430\u0441\u0441\u0430 \u043b\u044e\u043a\u0441 \u043f\u0440\u043e\u0438\u0437\u0432\u043e\u0434\u0441\u0442\u0432\u0430 BYD Auto. \u041e\u043d \u0441\u043e\u0447\u0435\u0442\u0430\u0435\u0442 \u0432 \u0441\u0435\u0431\u0435 \u043f\u0435\u0440\u0435\u0434\u043e\u0432\u044b\u0435 \u0442\u0435\u0445\u043d\u043e\u043b\u043e\u0433\u0438\u0438 \u0438 \u044d\u043b\u0435\u0433\u0430\u043d\u0442\u043d\u044b\u0439 \u0434\u0438\u0437\u0430\u0439\u043d, \u0441\u043e\u0447\u0435\u0442\u0430\u044f \u0432 \u0441\u0435\u0431\u0435 \u043f\u0440\u043e\u0438\u0437\u0432\u043e\u0434\u0438\u0442\u0435\u043b\u044c\u043d\u043e\u0441\u0442\u044c, \u044d\u0444\u0444\u0435\u043a\u0442\u0438\u0432\u043d\u043e\u0441\u0442\u044c \u0438 \u0440\u043e\u0441\u043a\u043e\u0448\u044c. Han \u043e\u0442\u043d\u043e\u0441\u0438\u0442\u0441\u044f \u043a \u043a\u0430\u0442\u0435\u0433\u043e\u0440\u0438\u0438 \u043f\u043e\u043b\u043d\u043e\u0440\u0430\u0437\u043c\u0435\u0440\u043d\u044b\u0445 \u0441\u0435\u0434\u0430\u043d\u043e\u0432.<\/p>","protected":false},"featured_media":1434,"template":"","product-category":[112,113,138],"class_list":["post-1141","product","type-product","status-publish","has-post-thumbnail","hentry","product-category-byd","product-category-electric","product-category-sedan"],"acf":[],"_links":{"self":[{"href":"http:\/\/china-car-sale.com\/ru\/wp-json\/wp\/v2\/product\/1141","targetHints":{"allow":["GET"]}}],"collection":[{"href":"http:\/\/china-car-sale.com\/ru\/wp-json\/wp\/v2\/product"}],"about":[{"href":"http:\/\/china-car-sale.com\/ru\/wp-json\/wp\/v2\/types\/product"}],"wp:featuredmedia":[{"embeddable":true,"href":"http:\/\/china-car-sale.com\/ru\/wp-json\/wp\/v2\/media\/1434"}],"wp:attachment":[{"href":"http:\/\/china-car-sale.com\/ru\/wp-json\/wp\/v2\/media?parent=1141"}],"wp:term":[{"taxonomy":"product-category","embeddable":true,"href":"http:\/\/china-car-sale.com\/ru\/wp-json\/wp\/v2\/product-category?post=1141"}],"curies":[{"name":"wp","href":"https:\/\/api.w.org\/{rel}","templated":true}]}}